{"id":1073,"date":"2026-04-14T17:03:49","date_gmt":"2026-04-14T21:03:49","guid":{"rendered":"https:\/\/kingdoomfinancial.com\/?page_id=1073"},"modified":"2026-05-04T14:03:27","modified_gmt":"2026-05-04T18:03:27","slug":"about","status":"publish","type":"page","link":"https:\/\/kingdoomfinancial.com\/pt-br\/about\/","title":{"rendered":"Sobre"},"content":{"rendered":"<div class=\"wp-block-group alignfull has-background is-layout-constrained wp-block-group-is-layout-constrained\" style=\"background-color:#101010;padding-top:7rem;padding-bottom:7rem\">\n<div class=\"wp-block-columns are-vertically-aligned-center is-layout-flex wp-container-core-columns-is-layout-94d34361 wp-block-columns-is-layout-flex\" style=\"border-bottom-color:#ffffff1a;border-bottom-style:solid;border-bottom-width:1px;margin-bottom:3.7rem;padding-bottom:4rem\">\n<div class=\"wp-block-column is-vertically-aligned-center is-layout-flow wp-block-column-is-layout-flow\">\n<figure class=\"wp-block-image size-full has-custom-border\"><img decoding=\"async\" width=\"512\" height=\"512\" src=\"https:\/\/kingdoomfinancial.com\/wp-content\/uploads\/2025\/10\/cropped-site-icon.webp\" alt=\"\" class=\"wp-image-812\" style=\"border-radius:25px;aspect-ratio:1;object-fit:cover\" srcset=\"https:\/\/kingdoomfinancial.com\/wp-content\/uploads\/2025\/10\/cropped-site-icon.webp 512w, https:\/\/kingdoomfinancial.com\/wp-content\/uploads\/2025\/10\/cropped-site-icon-300x300.webp 300w, https:\/\/kingdoomfinancial.com\/wp-content\/uploads\/2025\/10\/cropped-site-icon-150x150.webp 150w, https:\/\/kingdoomfinancial.com\/wp-content\/uploads\/2025\/10\/cropped-site-icon-270x270.webp 270w, https:\/\/kingdoomfinancial.com\/wp-content\/uploads\/2025\/10\/cropped-site-icon-192x192.webp 192w, https:\/\/kingdoomfinancial.com\/wp-content\/uploads\/2025\/10\/cropped-site-icon-180x180.webp 180w, https:\/\/kingdoomfinancial.com\/wp-content\/uploads\/2025\/10\/cropped-site-icon-32x32.webp 32w\" sizes=\"(max-width: 512px) 100vw, 512px\" \/><\/figure>\n<\/div>\n\n\n\n<div class=\"wp-block-column is-vertically-aligned-center is-layout-flow wp-block-column-is-layout-flow\" style=\"flex-basis:55%\">\n<p class=\"has-white-color has-text-color has-link-color wp-elements-b306aadc3aa65d9058749599d7b32d37\" style=\"margin-bottom:15px;font-style:normal;font-weight:500\">O planejamento focado em estabilidade, crescimento e seguran\u00e7a futura.<\/p>\n\n\n\n<h1 class=\"wp-block-heading has-white-color has-text-color has-link-color has-xx-large-font-size wp-elements-65cceacebb7c31f735871d8582738303\" id=\"the-perfect-theme-for-stunning-websites\" style=\"margin-top:0;margin-bottom:20px;font-style:normal;font-weight:800;line-height:1.2\">Sobre a Kingdom Financial<\/h1>\n\n\n\n<p class=\"has-white-color has-text-color has-link-color has-medium-font-size wp-elements-57558aa94c43134537a428f470fe57df\" style=\"margin-bottom:50px\">Na Kingdom Financial, ajudamos indiv\u00edduos e fam\u00edlias a tomarem decis\u00f5es financeiras confiantes por meio de estrat\u00e9gias personalizadas focadas em prote\u00e7\u00e3o, crescimento e seguran\u00e7a a longo prazo.<\/p>\n<\/div>\n<\/div>\n<\/div>\n\n\n\n<div class=\"wp-block-group alignfull has-white-background-color has-background is-layout-constrained wp-block-group-is-layout-constrained\" style=\"padding-top:7rem;padding-bottom:7rem\">\n<div class=\"wp-block-columns are-vertically-aligned-center is-layout-flex wp-container-core-columns-is-layout-057bf1b1 wp-block-columns-is-layout-flex\">\n<div class=\"wp-block-column is-vertically-aligned-center is-layout-flow wp-block-column-is-layout-flow\" style=\"flex-basis:60%\">\n<figure class=\"wp-block-image size-full is-resized\" style=\"margin-bottom:50px\"><img decoding=\"async\" width=\"400\" height=\"96\" src=\"https:\/\/kingdoomfinancial.com\/wp-content\/uploads\/2025\/10\/logo.webp\" alt=\"\" class=\"wp-image-814\" style=\"width:200px;height:auto\" srcset=\"https:\/\/kingdoomfinancial.com\/wp-content\/uploads\/2025\/10\/logo.webp 400w, https:\/\/kingdoomfinancial.com\/wp-content\/uploads\/2025\/10\/logo-300x72.webp 300w\" sizes=\"(max-width: 400px) 100vw, 400px\" \/><\/figure>\n\n\n\n<h2 class=\"wp-block-heading has-black-color has-text-color has-link-color wp-elements-bb64357ed3957dc35cfd927b909f28ab\" id=\"massa-vitae-tortor-condimentum-lacinia-quis-vel-eros-donec-felis-eget-velit-aliquet-sagittis-id-consectetur-eget-nulla-facilisi-etiam-dignissim-diam-quis-enim-lobortis-scelerisque-1\" style=\"border-top-color:#0000001f;border-top-style:solid;border-top-width:1px;border-bottom-color:#0000001f;border-bottom-style:solid;border-bottom-width:1px;margin-top:50px;margin-bottom:50px;padding-top:50px;padding-bottom:50px;font-style:normal;font-weight:400\"><em>\u201c<\/em><strong>Kelly Sator<\/strong> \u00e9 uma profissional financeira licenciada baseada em New Jersey, dedicada a ajudar indiv\u00edduos e fam\u00edlias a proteger sua renda e construir seguran\u00e7a financeira a longo prazo. Com forma\u00e7\u00e3o em Contabilidade, Teologia e coaching internacional, ela traz uma combina\u00e7\u00e3o \u00fanica de expertise estrat\u00e9gica e orienta\u00e7\u00e3o orientada por prop\u00f3sito<\/h2>\n\n\n\n<p id=\"massa-vitae-tortor-condimentum-lacinia-quis-vel-eros-donec-felis-eget-velit-aliquet-sagittis-id-consectetur-eget-nulla-facilisi-etiam-dignissim-diam-quis-enim-lobortis-scelerisque-1\">Como fundadora da Kingdom Financial, Kelly est\u00e1 comprometida em oferecer solu\u00e7\u00f5es personalizadas com integridade, ajudando seus clientes a tomar decis\u00f5es confiantes e garantir o que mais importa \u2014 seu futuro e sua fam\u00edlia.<em>\u201d<\/em><\/p>\n\n\n\n<div class=\"wp-block-group is-nowrap is-layout-flex wp-container-core-group-is-layout-6c531013 wp-block-group-is-layout-flex\">\n<div class=\"wp-block-group is-layout-constrained wp-block-group-is-layout-constrained\">\n<h5 class=\"wp-block-heading has-black-color has-text-color has-link-color wp-elements-76d2f815a6993bff39fa764e4c7ab9a7\" id=\"michael-anderson-2\" style=\"margin-top:0px;margin-bottom:5px;font-size:clamp(14px, 0.875rem + ((1vw - 3.2px) * 0.313), 18px);\">Kelly Sartor<\/h5>\n\n\n\n<p class=\"has-text-color has-link-color wp-elements-293186cab9dd8b4a608f6d665bddd489\" style=\"color:#0000009c;font-style:normal;font-weight:500\"><em>Fundadora<\/em><\/p>\n<\/div>\n<\/div>\n<\/div>\n\n\n\n<div class=\"wp-block-column is-vertically-aligned-center is-layout-flow wp-block-column-is-layout-flow\">\n<figure class=\"wp-block-image size-full has-custom-border\"><img decoding=\"async\" width=\"554\" height=\"667\" src=\"https:\/\/kingdoomfinancial.com\/wp-content\/uploads\/2025\/09\/Bio-1.webp\" alt=\"\" class=\"wp-image-517\" style=\"border-radius:20px;aspect-ratio:3\/4;object-fit:cover\" srcset=\"https:\/\/kingdoomfinancial.com\/wp-content\/uploads\/2025\/09\/Bio-1.webp 554w, https:\/\/kingdoomfinancial.com\/wp-content\/uploads\/2025\/09\/Bio-1-249x300.webp 249w\" sizes=\"(max-width: 554px) 100vw, 554px\" \/><\/figure>\n<\/div>\n<\/div>\n<\/div>\n\n\n\n<div class=\"wp-block-group alignfull has-black-background-color has-background is-layout-constrained wp-block-group-is-layout-constrained\" style=\"padding-top:7rem;padding-bottom:7rem\">\n<p class=\"has-text-align-center has-white-color has-text-color has-link-color wp-elements-7800a2acae6ee0e0bff37fa541da6980\" style=\"margin-bottom:20px;font-style:normal;font-weight:500\">Nossos Parceiros de Confian\u00e7a<\/p>\n\n\n\n<h1 class=\"wp-block-heading has-text-align-center has-white-color has-text-color has-link-color has-xx-large-font-size wp-elements-a0a8b773bb55a8e4a8b9bc0f8576e2a3\" id=\"the-perfect-theme-for-stunning-websites-6\" style=\"margin-top:0;margin-bottom:20px;font-style:normal;font-weight:800;line-height:1.2\">Parcerias fortes. Melhor prote\u00e7\u00e3o. Resultados reais.<\/h1>\n\n\n\n<p class=\"has-text-align-center has-white-color has-text-color has-link-color wp-elements-7d1ae9b25b441674e7528b214bf1be7a\" style=\"margin-bottom:var(--wp--preset--spacing--80)\">Ao fazer parcerias com alguns dos provedores de seguros mais confi\u00e1veis do setor, garantimos que cada cliente receba solu\u00e7\u00f5es personalizadas, projetadas para prote\u00e7\u00e3o, crescimento e estabilidade financeira a longo prazo.<\/p>\n\n\n\n<div class=\"wp-block-group has-white-background-color has-background is-layout-grid wp-container-core-group-is-layout-e9f277f2 wp-block-group-is-layout-grid\" style=\"border-radius:20px;padding-top:50px;padding-right:50px;padding-bottom:50px;padding-left:50px\">\n<div class=\"wp-block-greenshift-blocks-image gspb_image gspb_image-id-gsbp-d92786f\" id=\"gspb_image-id-gsbp-d92786f\"><img decoding=\"async\" src=\"https:\/\/kingdoomfinancial.com\/wp-content\/uploads\/2026\/05\/national.webp\" data-src=\"\" alt=\"\" loading=\"lazy\" width=\"450\" height=\"450\"\/><\/div>\n\n\n\n<div class=\"wp-block-greenshift-blocks-image gspb_image gspb_image-id-gsbp-b07166f\" id=\"gspb_image-id-gsbp-b07166f\"><img decoding=\"async\" src=\"https:\/\/kingdoomfinancial.com\/wp-content\/uploads\/2026\/04\/9-1.png\" data-src=\"\" alt=\"\" loading=\"lazy\" width=\"300\" height=\"300\"\/><\/div>\n\n\n\n<div class=\"wp-block-greenshift-blocks-image gspb_image gspb_image-id-gsbp-77c05d7\" id=\"gspb_image-id-gsbp-77c05d7\"><img decoding=\"async\" src=\"https:\/\/kingdoomfinancial.com\/wp-content\/uploads\/2026\/04\/6-1.png\" data-src=\"\" alt=\"\" loading=\"lazy\" width=\"300\" height=\"300\"\/><\/div>\n\n\n\n<div class=\"wp-block-greenshift-blocks-image gspb_image gspb_image-id-gsbp-4604188\" id=\"gspb_image-id-gsbp-4604188\"><img decoding=\"async\" src=\"https:\/\/kingdoomfinancial.com\/wp-content\/uploads\/2026\/04\/5-1.png\" data-src=\"\" alt=\"\" loading=\"lazy\" width=\"300\" height=\"300\"\/><\/div>\n\n\n\n<div class=\"wp-block-greenshift-blocks-image gspb_image gspb_image-id-gsbp-aeff082\" id=\"gspb_image-id-gsbp-aeff082\"><img decoding=\"async\" src=\"https:\/\/kingdoomfinancial.com\/wp-content\/uploads\/2026\/04\/4-1.png\" data-src=\"\" alt=\"\" loading=\"lazy\" width=\"300\" height=\"300\"\/><\/div>\n\n\n\n<div class=\"wp-block-greenshift-blocks-image gspb_image gspb_image-id-gsbp-1bdb5a4\" id=\"gspb_image-id-gsbp-1bdb5a4\"><img decoding=\"async\" src=\"https:\/\/kingdoomfinancial.com\/wp-content\/uploads\/2026\/04\/3-1.png\" data-src=\"\" alt=\"\" loading=\"lazy\" width=\"300\" height=\"300\"\/><\/div>\n\n\n\n<div class=\"wp-block-greenshift-blocks-image gspb_image gspb_image-id-gsbp-05e8525\" id=\"gspb_image-id-gsbp-05e8525\"><img decoding=\"async\" src=\"https:\/\/kingdoomfinancial.com\/wp-content\/uploads\/2026\/04\/8-1.png\" data-src=\"\" alt=\"\" loading=\"lazy\" width=\"300\" height=\"300\"\/><\/div>\n\n\n\n<div class=\"wp-block-greenshift-blocks-image gspb_image gspb_image-id-gsbp-dbdde7a\" id=\"gspb_image-id-gsbp-dbdde7a\"><img decoding=\"async\" src=\"https:\/\/kingdoomfinancial.com\/wp-content\/uploads\/2026\/04\/7-1.png\" data-src=\"\" alt=\"\" loading=\"lazy\" width=\"300\" height=\"300\"\/><\/div>\n<\/div>\n<\/div>","protected":false},"excerpt":{"rendered":"<p>Planning focused on stability, growth, and future security. About Kingdom Financial At Kingdom Financial, we help individuals and families make confident financial decisions through personalized strategies focused on protection, growth, and long-term security. \u201cKelly Sator is a licensed financial professional based in New Jersey, dedicated to helping individuals and families protect their income and build [&hellip;]<\/p>\n","protected":false},"author":1,"featured_media":0,"parent":0,"menu_order":0,"comment_status":"closed","ping_status":"closed","template":"","meta":{"_gspb_post_css":"#gspb_image-id-gsbp-d92786f img{object-position:50% 40%}#gspb_image-id-gsbp-05e8525 img,#gspb_image-id-gsbp-1bdb5a4 img,#gspb_image-id-gsbp-4604188 img,#gspb_image-id-gsbp-77c05d7 img,#gspb_image-id-gsbp-aeff082 img,#gspb_image-id-gsbp-b07166f img,#gspb_image-id-gsbp-d92786f img,#gspb_image-id-gsbp-dbdde7a img{vertical-align:top;display:inline-block;box-sizing:border-box;max-width:100%;height:auto}#gspb_image-id-gsbp-1bdb5a4{margin-top:0}","footnotes":""},"class_list":["post-1073","page","type-page","status-publish","hentry"],"blocksy_meta":{"has_hero_section":"enabled","hero_elements":[{"id":"custom_title","enabled":false,"heading_tag":"h1","title":"Home","__id":"-f9is8OfZ2Eb-EMv1pIdT"},{"id":"custom_description","enabled":false,"description_visibility":{"desktop":true,"tablet":true,"mobile":false},"__id":"V2I34cZdzpMgj-SylRUxA"},{"id":"custom_meta","enabled":false,"meta_elements":[{"id":"author","enabled":true,"label":"Por","has_author_avatar":"yes","avatar_size":25},{"id":"post_date","enabled":true,"label":"Ligar","date_format_source":"default","date_format":"M j, Y"},{"id":"updated_date","enabled":false,"label":"Ligar","date_format_source":"default","date_format":"M j, Y"},{"id":"categories","enabled":false,"label":"Em","style":"simple"},{"id":"comments","enabled":true}],"page_meta_elements":{"joined":true,"articles_count":true,"comments":true},"__id":"GD7-MQteTZaYma9KsbBe7"},{"id":"breadcrumbs","enabled":false,"__id":"MlZYSD4IRREfZg_L2nI2b"}],"hero_margin":"10px","styles_descriptor":{"styles":{"desktop":"[data-prefix=\"single_page\"] .entry-header .page-title {--theme-font-size:30px;} [data-prefix=\"single_page\"] .entry-header .entry-meta {--theme-font-weight:600;--theme-text-transform:uppercase;--theme-font-size:12px;--theme-line-height:1.3;} [data-prefix=\"single_page\"] .hero-section[data-type=\"type-1\"] {--margin-bottom:10px;}","tablet":"","mobile":""},"google_fonts":[],"version":6}},"_links":{"self":[{"href":"https:\/\/kingdoomfinancial.com\/pt-br\/wp-json\/wp\/v2\/pages\/1073","targetHints":{"allow":["GET"]}}],"collection":[{"href":"https:\/\/kingdoomfinancial.com\/pt-br\/wp-json\/wp\/v2\/pages"}],"about":[{"href":"https:\/\/kingdoomfinancial.com\/pt-br\/wp-json\/wp\/v2\/types\/page"}],"author":[{"embeddable":true,"href":"https:\/\/kingdoomfinancial.com\/pt-br\/wp-json\/wp\/v2\/users\/1"}],"replies":[{"embeddable":true,"href":"https:\/\/kingdoomfinancial.com\/pt-br\/wp-json\/wp\/v2\/comments?post=1073"}],"version-history":[{"count":4,"href":"https:\/\/kingdoomfinancial.com\/pt-br\/wp-json\/wp\/v2\/pages\/1073\/revisions"}],"predecessor-version":[{"id":1431,"href":"https:\/\/kingdoomfinancial.com\/pt-br\/wp-json\/wp\/v2\/pages\/1073\/revisions\/1431"}],"wp:attachment":[{"href":"https:\/\/kingdoomfinancial.com\/pt-br\/wp-json\/wp\/v2\/media?parent=1073"}],"curies":[{"name":"wp","href":"https:\/\/api.w.org\/{rel}","templated":true}]}}