{"id":1077,"date":"2026-04-14T17:04:57","date_gmt":"2026-04-14T21:04:57","guid":{"rendered":"https:\/\/kingdoomfinancial.com\/?page_id=1077"},"modified":"2026-04-16T20:21:09","modified_gmt":"2026-04-17T00:21:09","slug":"contact","status":"publish","type":"page","link":"https:\/\/kingdoomfinancial.com\/pt-br\/contact\/","title":{"rendered":"Contato"},"content":{"rendered":"<div class=\"wp-block-group alignfull has-background is-layout-constrained wp-block-group-is-layout-constrained\" style=\"background-color:#101010;padding-top:7rem;padding-bottom:7rem\">\n<div class=\"wp-block-columns are-vertically-aligned-center is-layout-flex wp-container-core-columns-is-layout-e613fd89 wp-block-columns-is-layout-flex\" style=\"border-bottom-color:#ffffff1a;border-bottom-style:solid;border-bottom-width:1px;margin-bottom:2.9rem;padding-bottom:4rem\">\n<div class=\"wp-block-column is-vertically-aligned-center is-layout-flow wp-block-column-is-layout-flow\">\n<figure class=\"wp-block-image size-full has-custom-border wp-duotone-000000-rgb017232-1\"><img decoding=\"async\" width=\"525\" height=\"525\" src=\"https:\/\/kingdoomfinancial.com\/wp-content\/uploads\/2026\/04\/Contact-us.png\" alt=\"\" class=\"wp-image-1308\" style=\"border-radius:25px;aspect-ratio:1;object-fit:cover\" srcset=\"https:\/\/kingdoomfinancial.com\/wp-content\/uploads\/2026\/04\/Contact-us.png 525w, https:\/\/kingdoomfinancial.com\/wp-content\/uploads\/2026\/04\/Contact-us-300x300.png 300w, https:\/\/kingdoomfinancial.com\/wp-content\/uploads\/2026\/04\/Contact-us-150x150.png 150w\" sizes=\"(max-width: 525px) 100vw, 525px\" \/><\/figure>\n<\/div>\n\n\n\n<div class=\"wp-block-column is-vertically-aligned-center is-layout-flow wp-block-column-is-layout-flow\" style=\"flex-basis:60%\">\n<p class=\"has-white-color has-text-color has-link-color wp-elements-af74d4c04a78f9ce32c9ff2d46f2332c\" style=\"margin-bottom:15px;font-style:normal;font-weight:700\">Vamos Falar sobre o Seu Futuro Financeiro<\/p>\n\n\n\n<div class=\"wp-block-greenshift-blocks-container alignfull gspb_container gspb_container-gsbp-2480dd6\" id=\"gspb_container-id-gsbp-2480dd6\">\n<div class=\"wp-block-greenshift-blocks-row gspb_row gspb_row-id-gsbp-b296192\" id=\"gspb_row-id-gsbp-b296192\"><div class=\"gspb_row__content\"> \n<div class=\"wp-block-greenshift-blocks-row-column gspb_row__col--6 gspb_col-id-gsbp-9ee0b22\" id=\"gspb_col-id-gsbp-9ee0b22\">\n<div id=\"gspb_text-id-gsbp-4322ac0\" class=\"gspb_text gspb_text-id-gsbp-4322ac0\">1 (732) 768-0858<\/div>\n\n\n\n<div class=\"wp-block-greenshift-blocks-iconbox gspb_iconBox gspb_iconBox-id-gsbp-3c92972\" id=\"gspb_iconBox-id-gsbp-3c92972\"><div class=\"gspb_iconBox__wrapper\" style=\"display:inline-flex\"><svg class=\"\" style=\"display:inline-block;vertical-align:middle\" width=\"72\" height=\"72\" viewbox=\"0 0 1024 1024\" xmlns=\"http:\/\/www.w3.org\/2000\/svg\"><path style=\"fill:#565D66\" d=\"M953 45.8l-188.4-43.4c-43.2-10-87.2 12.4-104.6 53.2l-87 203c-16 37.2-5.2 81.2 26.2 106.8l80 65.4c-57.2 104.8-143.6 191.2-248.4 248.2l-65.4-80c-25.6-31.4-69.6-42.2-106.8-26.2l-203.2 87c-40.8 17.4-63 61.4-53.2 104.6l43.4 188.4c9.6 41.8 46.4 71 89.2 71 489.8 0.2 889.2-396.4 889.2-888.8 0-42.8-29.2-79.6-71-89.2zM138.6 928l-41.8-181.4 196.4-84.2 111.4 136.2c197.6-92.8 301.2-196 394-394l-136.2-111.4 84.2-196.4 181.4 41.8c-2 435.2-354.2 787.4-789.4 789.4z\"><\/path><\/svg><\/div><\/div>\n<\/div>\n\n\n\n<div class=\"wp-block-greenshift-blocks-row-column gspb_row__col--6 gspb_col-id-gsbp-aaf55b4\" id=\"gspb_col-id-gsbp-aaf55b4\">\n<div id=\"gspb_text-id-gsbp-edbeafe\" class=\"gspb_text gspb_text-id-gsbp-edbeafe\">kellysartorbf@gmail.com<\/div>\n\n\n\n<div class=\"wp-block-greenshift-blocks-iconbox gspb_iconBox gspb_iconBox-id-gsbp-c4dae57\" id=\"gspb_iconBox-id-gsbp-c4dae57\"><div class=\"gspb_iconBox__wrapper\" style=\"display:inline-flex\"><svg class=\"\" style=\"display:inline-block;vertical-align:middle\" width=\"72\" height=\"72\" viewbox=\"0 0 1024 1024\" xmlns=\"http:\/\/www.w3.org\/2000\/svg\"><path style=\"fill:#565D66\" d=\"M928 8.6l-896 516.8c-46 26.6-41.4 94.4 7.6 114.6l280.4 116v204c0 60.4 75.6 86.6 113.4 40.6l121.4-147.6 252.8 104.4c38.2 15.8 81.4-8.4 87.6-49.4l128-834.2c8.2-53.4-49.2-91.8-95.2-65.2zM384 960v-177.6l109 45-109 132.6zM832 898.2l-412.4-170.4 399-471.6c9.6-11.2-5.8-26.4-17-16.8l-510.6 435.2-227-93.6 896-517-128 834.2z\"><\/path><\/svg><\/div><\/div>\n<\/div>\n <\/div><\/div>\n<\/div>\n\n\n\n<p class=\"has-white-color has-text-color has-link-color has-medium-font-size wp-elements-da889d7ed30cb4783ffc329bd8ca25fe\" style=\"margin-bottom:50px\">Tem d\u00favidas ou est\u00e1 pronto para dar o pr\u00f3ximo passo? Entre em contato por telefone ou e-mail, ou receba suporte imediato pelo WhatsApp \u2014 estamos aqui para ajudar voc\u00ea a seguir em frente com confian\u00e7a.<\/p>\n\n\n\n<div class=\"wp-block-buttons is-content-justification-center is-layout-flex wp-container-core-buttons-is-layout-241c0bc1 wp-block-buttons-is-layout-flex\">\n<div class=\"wp-block-button\"><a class=\"wp-block-button__link has-palette-color-7-color has-text-color has-background has-link-color has-custom-font-size wp-element-button\" href=\"https:\/\/wa.me\/17327680858?text=Hi%2C%20I%20want%20to%20know%20more%20about%20your%20services\" style=\"border-radius:8px;background-color:#00ac20;padding-top:15px;padding-right:25px;padding-bottom:15px;padding-left:25px;font-size:clamp(14px, 0.875rem + ((1vw - 3.2px) * 0.313), 18px);font-style:normal;font-weight:600\">WhatsApp<\/a><\/div>\n<\/div>\n<\/div>\n<\/div>\n<\/div>","protected":false},"excerpt":{"rendered":"<p>Let\u2019s Talk About Your Financial Future Have questions or ready to take the next step? Reach out by phone or email, or get immediate support through WhatsApp \u2014 we\u2019re here to help you move forward with confidence.<\/p>","protected":false},"author":1,"featured_media":0,"parent":0,"menu_order":0,"comment_status":"closed","ping_status":"closed","template":"","meta":{"_gspb_post_css":".gspb_container-id-gsbp-2480dd6{flex-direction:column;box-sizing:border-box}#gspb_container-id-gsbp-2480dd6.gspb_container>p:last-of-type{margin-bottom:0}#gspb_container-id-gsbp-2480dd6.gspb_container{position:relative;margin:5px;box-sizing:border-box}#gspb_row-id-gsbp-b296192{justify-content:space-between;margin-top:0;margin-bottom:0;display:flex;flex-wrap:wrap}#gspb_row-id-gsbp-b296192>.gspb_row__content{display:flex;justify-content:space-between;margin:0 auto;width:100%;flex-wrap:wrap}.gspb_row{position:relative}div[id^=gspb_col-id]{box-sizing:border-box;position:relative;padding:var(--gs-row-column-padding, 15px min(3vw, 20px))}body.gspb-bodyfront #gspb_row-id-gsbp-b296192>.gspb_row__content{width:var(--theme-container-width, 1200px);max-width:var(--theme-normal-container-max-width, 1200px)}#gspb_col-id-gsbp-9ee0b22.gspb_row__col--6{width:50%}@media (max-width:575.98px){#gspb_col-id-gsbp-9ee0b22.gspb_row__col--6{width:100%}}#gspb_col-id-gsbp-aaf55b4.gspb_row__col--6{width:50%}@media (max-width:575.98px){#gspb_col-id-gsbp-aaf55b4.gspb_row__col--6{width:100%}}.gspb_text-id-gsbp-4322ac0,.gspb_text-id-gsbp-edbeafe{font-size:22px;font-weight:700!important;margin-bottom:0!important}.gspb_text-id-gsbp-4322ac0{text-align:center!important;color:var(--wp--preset--color--palette-color-8, var(--theme-palette-color-8, #ffffff))}.gspb_text-id-gsbp-edbeafe{color:#fff}.gspb_text-id-gsbp-4322ac0 .gsap-g-line,.gspb_text-id-gsbp-edbeafe,.gspb_text-id-gsbp-edbeafe .gsap-g-line{text-align:center!important}#gspb_iconBox-id-gsbp-3c92972 svg{width:72px}#gspb_iconBox-id-gsbp-3c92972,#gspb_iconBox-id-gsbp-c4dae57{align-items:center;justify-content:center;display:flex}#gspb_iconBox-id-gsbp-3c92972 svg,#gspb_iconBox-id-gsbp-3c92972 svg path{fill:var(--wp--preset--color--palette-color-7, var(--theme-palette-color-7, #ffffff))!important}#gspb_iconBox-id-gsbp-3c92972 svg{margin:0!important}#gspb_iconBox-id-gsbp-3c92972 svg:hover,#gspb_iconBox-id-gsbp-3c92972 svg:hover path,#gspb_iconBox-id-gsbp-c4dae57 svg:hover,#gspb_iconBox-id-gsbp-c4dae57 svg:hover path{fill:var(--wp--preset--color--palette-color-1, var(--theme-palette-color-1, #a8977b))!important}#gspb_iconBox-id-gsbp-c4dae57 svg{width:72px;margin:0!important}#gspb_iconBox-id-gsbp-c4dae57 svg,#gspb_iconBox-id-gsbp-c4dae57 svg path{fill:var(--wp--preset--color--palette-color-8, var(--theme-palette-color-8, #ffffff))!important}#gspb_iconBox-id-gsbp-3c92972 .gspb_iconBox__wrapper,#gspb_iconBox-id-gsbp-c4dae57 .gspb_iconBox__wrapper{margin:10px!important;padding:10px}","footnotes":""},"class_list":["post-1077","page","type-page","status-publish","hentry"],"blocksy_meta":[],"_links":{"self":[{"href":"https:\/\/kingdoomfinancial.com\/pt-br\/wp-json\/wp\/v2\/pages\/1077","targetHints":{"allow":["GET"]}}],"collection":[{"href":"https:\/\/kingdoomfinancial.com\/pt-br\/wp-json\/wp\/v2\/pages"}],"about":[{"href":"https:\/\/kingdoomfinancial.com\/pt-br\/wp-json\/wp\/v2\/types\/page"}],"author":[{"embeddable":true,"href":"https:\/\/kingdoomfinancial.com\/pt-br\/wp-json\/wp\/v2\/users\/1"}],"replies":[{"embeddable":true,"href":"https:\/\/kingdoomfinancial.com\/pt-br\/wp-json\/wp\/v2\/comments?post=1077"}],"version-history":[{"count":0,"href":"https:\/\/kingdoomfinancial.com\/pt-br\/wp-json\/wp\/v2\/pages\/1077\/revisions"}],"wp:attachment":[{"href":"https:\/\/kingdoomfinancial.com\/pt-br\/wp-json\/wp\/v2\/media?parent=1077"}],"curies":[{"name":"wp","href":"https:\/\/api.w.org\/{rel}","templated":true}]}}