{"id":1082,"date":"2026-04-14T17:09:03","date_gmt":"2026-04-14T21:09:03","guid":{"rendered":"https:\/\/kingdoomfinancial.com\/?page_id=1082"},"modified":"2026-04-17T13:17:53","modified_gmt":"2026-04-17T17:17:53","slug":"life-insurance","status":"publish","type":"page","link":"https:\/\/kingdoomfinancial.com\/pt-br\/life-insurance\/","title":{"rendered":"Seguro de vida"},"content":{"rendered":"<div class=\"wp-block-group alignfull has-palette-color-4-background-color has-background is-layout-constrained wp-block-group-is-layout-constrained\" style=\"padding-top:7rem;padding-bottom:7rem\">\n<div class=\"wp-block-columns are-vertically-aligned-center is-layout-flex wp-container-core-columns-is-layout-66fad18a wp-block-columns-is-layout-flex\">\n<div class=\"wp-block-column is-vertically-aligned-center is-layout-flow wp-block-column-is-layout-flow\" style=\"flex-basis:45%\">\n<div class=\"wp-block-columns is-layout-flex wp-container-core-columns-is-layout-2709eace wp-block-columns-is-layout-flex\">\n<div class=\"wp-block-column is-layout-flow wp-block-column-is-layout-flow\">\n<div style=\"height:60px\" aria-hidden=\"true\" class=\"wp-block-spacer ct-hidden-md ct-hidden-sm\"><\/div>\n\n\n\n<figure class=\"wp-block-image size-full has-custom-border\" style=\"margin-bottom:30px\"><img decoding=\"async\" width=\"1000\" height=\"1000\" src=\"https:\/\/kingdoomfinancial.com\/wp-content\/uploads\/2026\/04\/1-2.png\" alt=\"\" class=\"wp-image-1340\" style=\"border-radius:20px;aspect-ratio:1;object-fit:cover\" srcset=\"https:\/\/kingdoomfinancial.com\/wp-content\/uploads\/2026\/04\/1-2.png 1000w, https:\/\/kingdoomfinancial.com\/wp-content\/uploads\/2026\/04\/1-2-300x300.png 300w, https:\/\/kingdoomfinancial.com\/wp-content\/uploads\/2026\/04\/1-2-150x150.png 150w, https:\/\/kingdoomfinancial.com\/wp-content\/uploads\/2026\/04\/1-2-768x768.png 768w\" sizes=\"(max-width: 1000px) 100vw, 1000px\" \/><\/figure>\n\n\n\n<figure class=\"wp-block-image size-full has-custom-border\"><img decoding=\"async\" width=\"1000\" height=\"1000\" src=\"https:\/\/kingdoomfinancial.com\/wp-content\/uploads\/2026\/04\/3-2.png\" alt=\"\" class=\"wp-image-1339\" style=\"border-radius:20px;aspect-ratio:1;object-fit:cover\" srcset=\"https:\/\/kingdoomfinancial.com\/wp-content\/uploads\/2026\/04\/3-2.png 1000w, https:\/\/kingdoomfinancial.com\/wp-content\/uploads\/2026\/04\/3-2-300x300.png 300w, https:\/\/kingdoomfinancial.com\/wp-content\/uploads\/2026\/04\/3-2-150x150.png 150w, https:\/\/kingdoomfinancial.com\/wp-content\/uploads\/2026\/04\/3-2-768x768.png 768w\" sizes=\"(max-width: 1000px) 100vw, 1000px\" \/><\/figure>\n<\/div>\n\n\n\n<div class=\"wp-block-column is-layout-flow wp-block-column-is-layout-flow\">\n<figure class=\"wp-block-image size-full has-custom-border\" style=\"margin-bottom:30px\"><img decoding=\"async\" width=\"1000\" height=\"1000\" src=\"https:\/\/kingdoomfinancial.com\/wp-content\/uploads\/2026\/04\/5-2.png\" alt=\"\" class=\"wp-image-1336\" style=\"border-radius:20px;aspect-ratio:1;object-fit:cover\" srcset=\"https:\/\/kingdoomfinancial.com\/wp-content\/uploads\/2026\/04\/5-2.png 1000w, https:\/\/kingdoomfinancial.com\/wp-content\/uploads\/2026\/04\/5-2-300x300.png 300w, https:\/\/kingdoomfinancial.com\/wp-content\/uploads\/2026\/04\/5-2-150x150.png 150w, https:\/\/kingdoomfinancial.com\/wp-content\/uploads\/2026\/04\/5-2-768x768.png 768w\" sizes=\"(max-width: 1000px) 100vw, 1000px\" \/><\/figure>\n\n\n\n<figure class=\"wp-block-image size-full has-custom-border\"><img decoding=\"async\" width=\"1000\" height=\"1000\" src=\"https:\/\/kingdoomfinancial.com\/wp-content\/uploads\/2026\/04\/4-2.png\" alt=\"\" class=\"wp-image-1338\" style=\"border-radius:20px;aspect-ratio:1;object-fit:cover\" srcset=\"https:\/\/kingdoomfinancial.com\/wp-content\/uploads\/2026\/04\/4-2.png 1000w, https:\/\/kingdoomfinancial.com\/wp-content\/uploads\/2026\/04\/4-2-300x300.png 300w, https:\/\/kingdoomfinancial.com\/wp-content\/uploads\/2026\/04\/4-2-150x150.png 150w, https:\/\/kingdoomfinancial.com\/wp-content\/uploads\/2026\/04\/4-2-768x768.png 768w\" sizes=\"(max-width: 1000px) 100vw, 1000px\" \/><\/figure>\n<\/div>\n<\/div>\n<\/div>\n\n\n\n<div class=\"wp-block-column is-vertically-aligned-center is-layout-flow wp-block-column-is-layout-flow\">\n<h1 class=\"wp-block-heading has-palette-color-8-color has-text-color has-link-color wp-elements-d0bd259f31965f461b6e152df6aa7e9b\" id=\"the-perfect-theme-for-stunning-websites-3\" style=\"margin-bottom:20px;font-size:clamp(37.821px, 2.364rem + ((1vw - 3.2px) * 2.514), 70px);font-style:normal;font-weight:800;line-height:1.2\">Planeje hoje. Proteja o Amanh\u00e3.<\/h1>\n\n\n\n<p class=\"has-palette-color-8-color has-text-color has-link-color has-medium-font-size wp-elements-71474e0f6cd42c7722d2739a71119de5\" style=\"border-bottom-color:#0000001f;border-bottom-style:solid;border-bottom-width:1px;margin-bottom:40px;padding-bottom:40px\">Nos EUA, um \u00fanico evento inesperado pode causar grande press\u00e3o financeira. Um plano s\u00f3lido de seguro de vida garante que sua fam\u00edlia esteja protegida e seu futuro permane\u00e7a seguro \u2014 n\u00e3o importa o que aconte\u00e7a.<\/p>\n\n\n\n<div class=\"wp-block-columns is-layout-flex wp-container-core-columns-is-layout-28f84493 wp-block-columns-is-layout-flex\">\n<div class=\"wp-block-column is-layout-flow wp-block-column-is-layout-flow\">\n<h2 class=\"wp-block-heading has-palette-color-8-color has-text-color has-link-color wp-elements-1d0800039f16429777cbb8fe4d05a36e\" id=\"300\" style=\"margin-bottom:0;font-style:normal;font-weight:900\">$9,000+<\/h2>\n\n\n\n<p class=\"has-palette-color-8-color has-text-color has-link-color wp-elements-57c28a8c9fc6f06d732e8da7a3d6c844\" style=\"font-size:clamp(14px, 0.875rem + ((1vw - 3.2px) * 0.313), 18px);\">Custos m\u00e9dios de funerais nos EUA, criando um \u00f4nus financeiro imediato para as fam\u00edlias<\/p>\n<\/div>\n\n\n\n<div class=\"wp-block-column is-layout-flow wp-block-column-is-layout-flow\">\n<h2 class=\"wp-block-heading has-palette-color-8-color has-text-color has-link-color wp-elements-8a712a513c9d78f09c4181e05be40365\" id=\"300\" style=\"margin-bottom:0;font-style:normal;font-weight:900\">60%<\/h2>\n\n\n\n<p class=\"has-palette-color-8-color has-text-color has-link-color wp-elements-a7e2c2d9b3e803054ab6f522f9090f85\" style=\"font-size:clamp(14px, 0.875rem + ((1vw - 3.2px) * 0.313), 18px);\">De americanos teriam dificuldade para cobrir uma despesa inesperada de $1.000<\/p>\n<\/div>\n\n\n\n<div class=\"wp-block-column is-layout-flow wp-block-column-is-layout-flow\">\n<h2 class=\"wp-block-heading has-palette-color-8-color has-text-color has-link-color wp-elements-1cdb58751d8afe17febd1bf543a17528\" id=\"300\" style=\"margin-bottom:0;font-style:normal;font-weight:900\">4 in 10<\/h2>\n\n\n\n<p class=\"has-palette-color-8-color has-text-color has-link-color wp-elements-81df1b552969a56953494cfe71019808\" style=\"font-size:clamp(14px, 0.875rem + ((1vw - 3.2px) * 0.313), 18px);\">As fam\u00edlias dependem de uma \u00fanica renda prim\u00e1ria para manter seu estilo de vida<\/p>\n<\/div>\n<\/div>\n<\/div>\n<\/div>\n<\/div>\n\n\n\n<div class=\"wp-block-group alignfull has-palette-color-4-background-color has-background is-layout-constrained wp-block-group-is-layout-constrained\" style=\"padding-top:7rem;padding-bottom:7rem\">\n<div class=\"wp-block-columns are-vertically-aligned-center is-layout-flex wp-container-core-columns-is-layout-66fad18a wp-block-columns-is-layout-flex\">\n<div class=\"wp-block-column is-vertically-aligned-center is-layout-flow wp-block-column-is-layout-flow\" style=\"flex-basis:50%\">\n<h1 class=\"wp-block-heading has-palette-color-8-color has-text-color has-link-color wp-elements-8762676c0cbdfe707a75361ce923a5ce\" id=\"the-perfect-theme-for-stunning-websites-5\" style=\"margin-bottom:20px;font-size:clamp(37.821px, 2.364rem + ((1vw - 3.2px) * 2.514), 70px);font-style:normal;font-weight:800;line-height:1.2\">Prote\u00e7\u00e3o Real Quando Voc\u00ea Mais Precisa<\/h1>\n\n\n\n<p class=\"has-palette-color-8-color has-text-color has-link-color has-medium-font-size wp-elements-ab95ec924ba1b20ba14106ed550a5a55\" style=\"border-bottom-color:#0000001F;border-bottom-style:solid;border-bottom-width:1px;margin-bottom:40px;padding-bottom:40px\">O seguro de vida n\u00e3o \u00e9 apenas sobre o futuro \u2014 \u00e9 sobre estar preparado para situa\u00e7\u00f5es reais hoje. Com a cobertura certa, voc\u00ea pode proteger sua fam\u00edlia, sua renda e se manter financeiramente seguro mesmo durante desafios inesperados de sa\u00fade.<\/p>\n\n\n\n<div class=\"wp-block-group is-vertical is-layout-flex wp-container-core-group-is-layout-355c4241 wp-block-group-is-layout-flex\">\n<div class=\"wp-block-group is-nowrap is-layout-flex wp-container-core-group-is-layout-c1740a5a wp-block-group-is-layout-flex\">\n<figure class=\"wp-block-image size-full is-resized wp-duotone-purple-yellow\"><img decoding=\"async\" src=\"https:\/\/kingdoomfinancial.com\/wp-content\/themes\/blocksy\/inc\/components\/patterns\/assets\/pattern-check-mark.svg\" alt=\"\" class=\"wp-image-7800\" style=\"object-fit:contain;width:22px;height:22px\"\/><\/figure>\n\n\n\n<p class=\"has-palette-color-8-color has-text-color has-link-color wp-elements-4861b2eda73745c324870e790fd6c203\" style=\"font-size:clamp(14px, 0.875rem + ((1vw - 3.2px) * 0.313), 18px);font-style:normal;font-weight:500\">Proteja seus entes queridos de encargos financeiros repentinos e garanta estabilidade, n\u00e3o importa o que aconte\u00e7a.<\/p>\n<\/div>\n\n\n\n<div class=\"wp-block-group is-nowrap is-layout-flex wp-container-core-group-is-layout-c1740a5a wp-block-group-is-layout-flex\">\n<figure class=\"wp-block-image size-full is-resized wp-duotone-purple-yellow\"><img decoding=\"async\" src=\"https:\/\/kingdoomfinancial.com\/wp-content\/themes\/blocksy\/inc\/components\/patterns\/assets\/pattern-check-mark.svg\" alt=\"\" class=\"wp-image-7800\" style=\"object-fit:contain;width:22px;height:22px\"\/><\/figure>\n\n\n\n<p class=\"has-palette-color-8-color has-text-color has-link-color wp-elements-cfa1ece4ac07d1b1067e97f647a4a34b\" style=\"font-size:clamp(14px, 0.875rem + ((1vw - 3.2px) * 0.313), 18px);font-style:normal;font-weight:500\">Mantenha sua fam\u00edlia financeiramente sustentada mesmo que sua capacidade de ganhar dinheiro seja afetada.<\/p>\n<\/div>\n\n\n\n<div class=\"wp-block-group is-nowrap is-layout-flex wp-container-core-group-is-layout-c1740a5a wp-block-group-is-layout-flex\">\n<figure class=\"wp-block-image size-full is-resized wp-duotone-purple-yellow\"><img decoding=\"async\" src=\"https:\/\/kingdoomfinancial.com\/wp-content\/themes\/blocksy\/inc\/components\/patterns\/assets\/pattern-check-mark.svg\" alt=\"\" class=\"wp-image-7800\" style=\"object-fit:contain;width:22px;height:22px\"\/><\/figure>\n\n\n\n<p class=\"has-palette-color-8-color has-text-color has-link-color wp-elements-b439c0f0a7493edaca8626b4f2724bb4\" style=\"font-size:clamp(14px, 0.875rem + ((1vw - 3.2px) * 0.313), 18px);font-style:normal;font-weight:500\">Viva com confian\u00e7a sabendo que voc\u00ea tem um plano para as incertezas da vida.<\/p>\n<\/div>\n<\/div>\n<\/div>\n\n\n\n<div class=\"wp-block-column is-vertically-aligned-center is-layout-flow wp-block-column-is-layout-flow\">\n<div class=\"wp-block-columns is-layout-flex wp-container-core-columns-is-layout-2709eace wp-block-columns-is-layout-flex\">\n<div class=\"wp-block-column is-vertically-aligned-stretch is-layout-flow wp-block-column-is-layout-flow\">\n<div class=\"wp-block-cover is-light has-custom-content-position is-position-bottom-center\" style=\"border-radius:20px;padding-top:20px;padding-right:20px;padding-bottom:20px;padding-left:20px;min-height:630px;aspect-ratio:unset;\"><img decoding=\"async\" width=\"1080\" height=\"1920\" class=\"wp-block-cover__image-background wp-image-1346 size-full\" alt=\"\" src=\"https:\/\/kingdoomfinancial.com\/wp-content\/uploads\/2026\/04\/1-3.png\" data-object-fit=\"cover\" srcset=\"https:\/\/kingdoomfinancial.com\/wp-content\/uploads\/2026\/04\/1-3.png 1080w, https:\/\/kingdoomfinancial.com\/wp-content\/uploads\/2026\/04\/1-3-169x300.png 169w, https:\/\/kingdoomfinancial.com\/wp-content\/uploads\/2026\/04\/1-3-768x1365.png 768w, https:\/\/kingdoomfinancial.com\/wp-content\/uploads\/2026\/04\/1-3-864x1536.png 864w\" sizes=\"(max-width: 1080px) 100vw, 1080px\" \/><span aria-hidden=\"true\" class=\"wp-block-cover__background has-background-dim-0 has-background-dim\" style=\"background-color:#d5dbd4\"><\/span><div class=\"wp-block-cover__inner-container is-layout-flow wp-block-cover-is-layout-flow\">\n<div class=\"wp-block-group has-white-background-color has-background is-layout-constrained wp-container-core-group-is-layout-bf816c8d wp-block-group-is-layout-constrained\" style=\"border-radius:10px;padding-top:20px;padding-right:20px;padding-bottom:20px;padding-left:20px\">\n<h2 class=\"wp-block-heading has-black-color has-text-color has-link-color wp-elements-1ebde6a1985b7f30912d0a75644a3dc5\" id=\"metus-adipiscing-commodo-1\" style=\"margin-top:0;font-size:clamp(14px, 0.875rem + ((1vw - 3.2px) * 0.156), 16px);\">Acesso a Benef\u00edcios de Vida<\/h2>\n\n\n\n<p>Use parte da sua ap\u00f3lice enquanto estiver vivo se enfrentar condi\u00e7\u00f5es graves de sa\u00fade.<\/p>\n<\/div>\n<\/div><\/div>\n<\/div>\n\n\n\n<div class=\"wp-block-column is-layout-flow wp-block-column-is-layout-flow\">\n<div class=\"wp-block-cover is-light has-custom-content-position is-position-bottom-center\" style=\"border-radius:20px;margin-bottom:30px;padding-top:20px;padding-right:20px;padding-bottom:20px;padding-left:20px;min-height:300px;aspect-ratio:unset;\"><img decoding=\"async\" width=\"1080\" height=\"1920\" class=\"wp-block-cover__image-background wp-image-1347 size-full\" alt=\"\" src=\"https:\/\/kingdoomfinancial.com\/wp-content\/uploads\/2026\/04\/2-4.png\" data-object-fit=\"cover\" srcset=\"https:\/\/kingdoomfinancial.com\/wp-content\/uploads\/2026\/04\/2-4.png 1080w, https:\/\/kingdoomfinancial.com\/wp-content\/uploads\/2026\/04\/2-4-169x300.png 169w, https:\/\/kingdoomfinancial.com\/wp-content\/uploads\/2026\/04\/2-4-768x1365.png 768w, https:\/\/kingdoomfinancial.com\/wp-content\/uploads\/2026\/04\/2-4-864x1536.png 864w\" sizes=\"(max-width: 1080px) 100vw, 1080px\" \/><span aria-hidden=\"true\" class=\"wp-block-cover__background has-background-dim-0 has-background-dim\" style=\"background-color:#d0d7de\"><\/span><div class=\"wp-block-cover__inner-container is-layout-flow wp-block-cover-is-layout-flow\">\n<div class=\"wp-block-group has-white-background-color has-background is-layout-constrained wp-container-core-group-is-layout-bf816c8d wp-block-group-is-layout-constrained\" style=\"border-radius:10px;padding-top:20px;padding-right:20px;padding-bottom:20px;padding-left:20px\">\n<h2 class=\"wp-block-heading has-black-color has-text-color has-link-color wp-elements-d3ef116a5403072133269599285c6c04\" id=\"posuere-sollicitudin-fermentum-1\" style=\"margin-top:0;font-size:clamp(14px, 0.875rem + ((1vw - 3.2px) * 0.156), 16px);\">Ajuda a cobrir custos m\u00e9dicos<\/h2>\n\n\n\n<p>Nos EUA, as despesas m\u00e9dicas podem ser extremamente altas. Essa cobertura pode ajudar a pagar tratamentos, contas hospitalares e custos de recupera\u00e7\u00e3o.<\/p>\n<\/div>\n<\/div><\/div>\n\n\n\n<div class=\"wp-block-cover has-custom-content-position is-position-bottom-center\" style=\"border-radius:20px;padding-top:20px;padding-right:20px;padding-bottom:20px;padding-left:20px;min-height:300px;aspect-ratio:unset;\"><img decoding=\"async\" width=\"1080\" height=\"1920\" class=\"wp-block-cover__image-background wp-image-1348 size-full\" alt=\"\" src=\"https:\/\/kingdoomfinancial.com\/wp-content\/uploads\/2026\/04\/3-3.png\" data-object-fit=\"cover\" srcset=\"https:\/\/kingdoomfinancial.com\/wp-content\/uploads\/2026\/04\/3-3.png 1080w, https:\/\/kingdoomfinancial.com\/wp-content\/uploads\/2026\/04\/3-3-169x300.png 169w, https:\/\/kingdoomfinancial.com\/wp-content\/uploads\/2026\/04\/3-3-768x1365.png 768w, https:\/\/kingdoomfinancial.com\/wp-content\/uploads\/2026\/04\/3-3-864x1536.png 864w\" sizes=\"(max-width: 1080px) 100vw, 1080px\" \/><span aria-hidden=\"true\" class=\"wp-block-cover__background has-background-dim-0 has-background-dim\" style=\"background-color:#685863\"><\/span><div class=\"wp-block-cover__inner-container is-layout-flow wp-block-cover-is-layout-flow\">\n<div class=\"wp-block-group has-white-background-color has-background is-layout-constrained wp-container-core-group-is-layout-bf816c8d wp-block-group-is-layout-constrained\" style=\"border-radius:10px;padding-top:20px;padding-right:20px;padding-bottom:20px;padding-left:20px\">\n<h2 class=\"wp-block-heading has-black-color has-text-color has-link-color wp-elements-0f9f3e2d413b7d7371b38a3a26d81f72\" id=\"augue-mauris-neque-consectetur-2\" style=\"margin-top:0;font-size:clamp(14px, 0.875rem + ((1vw - 3.2px) * 0.156), 16px);\">Apoio Financeiro Flex\u00edvel<\/h2>\n\n\n\n<p class=\"has-palette-color-4-color has-text-color has-link-color wp-elements-f36bec8602ef89e205bbf2c11903d404\">Os fundos podem ser usados para qualquer coisa \u2014 desde despesas di\u00e1rias at\u00e9 manter o estilo de vida da sua fam\u00edlia.<\/p>\n<\/div>\n<\/div><\/div>\n<\/div>\n<\/div>\n<\/div>\n<\/div>\n<\/div>\n\n\n\n<div class=\"wp-block-group alignfull has-palette-color-4-background-color has-background is-layout-constrained wp-block-group-is-layout-constrained\" style=\"padding-top:7rem;padding-bottom:7rem\">\n<p class=\"has-text-align-center has-palette-color-8-color has-text-color has-link-color wp-elements-5f43a32d3165d8eceecc3e58df90a1f7\" style=\"margin-bottom:20px;font-style:normal;font-weight:500\">Seu futuro n\u00e3o pode esperar<\/p>\n\n\n\n<h1 class=\"wp-block-heading has-text-align-center has-palette-color-8-color has-text-color has-link-color has-xx-large-font-size wp-elements-c5fdb2f63c20ac8c49bfd88618a7f15c\" id=\"the-perfect-theme-for-stunning-websites-4\" style=\"margin-top:0;margin-bottom:20px;font-style:normal;font-weight:800;line-height:1.2\">Proteja sua fam\u00edlia antes que seja tarde demais<\/h1>\n\n\n\n<p class=\"has-text-align-center has-palette-color-8-color has-text-color has-link-color wp-elements-1a1a5e69641ef6a2b20c29f78f4dc770\" style=\"margin-bottom:var(--wp--preset--spacing--60)\">Cada dia sem um plano \u00e9 um risco que voc\u00ea n\u00e3o precisa correr. Garanta a prote\u00e7\u00e3o certa agora e garanta sua renda, sua fam\u00edlia e seu futuro com confian\u00e7a.<\/p>\n\n\n\n<div class=\"wp-block-buttons is-content-justification-center is-layout-flex wp-container-core-buttons-is-layout-2b69d536 wp-block-buttons-is-layout-flex\" style=\"margin-bottom:var(--wp--preset--spacing--80)\">\n<div class=\"wp-block-button\"><a class=\"wp-block-button__link has-white-color has-text-color has-background has-link-color has-custom-font-size wp-element-button\" href=\"https:\/\/wa.me\/17327680858?text=Hi%2C%20I%20want%20to%20know%20more%20about%20life%20insurance\" style=\"border-radius:8px;background-color:#0f9564;padding-top:15px;padding-right:25px;padding-bottom:15px;padding-left:25px;font-size:clamp(14px, 0.875rem + ((1vw - 3.2px) * 0.313), 18px);font-style:normal;font-weight:600\">Fale comigo hoje<\/a><\/div>\n<\/div>\n<\/div>\n\n\n<!-- gs-stylemanager -->","protected":false},"excerpt":{"rendered":"<p>Plan Today. Protect Tomorrow. In the U.S., a single unexpected event can create major financial strain. A solid life insurance plan ensures your family is protected and your future stays secure \u2014 no matter what happens. $9,000+ Average funeral costs in the U.S., creating an immediate financial burden for families 60% Of Americans would struggle [&hellip;]<\/p>\n","protected":false},"author":1,"featured_media":0,"parent":0,"menu_order":0,"comment_status":"closed","ping_status":"closed","template":"","meta":{"_gspb_post_css":".gsbp-86030ba{display:none !important;}@keyframes gspc-shimmer { 0% { transform: translateX(-150%) skewX(-12deg); } 20% { transform: translateX(150%) skewX(-12deg); } 100% { transform: translateX(150%) skewX(-12deg); } }.gspc-root{box-sizing:border-box;line-height:1.6;min-height:100vh;width:100%;display:flex;align-items:center;justify-content:center;font-family:'Inter', sans-serif;}.gspc-root{-webkit-font-smoothing:antialiased;-moz-osx-font-smoothing:grayscale}.gspc-root{overflow-wrap:break-word}.gspc-card-wrapper{display:flex;flex-direction:column;row-gap:3rem;column-gap:3rem;width:100%;}.gspc-glass-card{position:relative;overflow:hidden;border-radius:1.5rem;background-color:rgba(17, 24, 39, 0.7);border:1px solid rgba(255, 255, 255, 0.08);box-shadow:0 25px 50px -12px rgba(0, 0, 0, 0.5);backdrop-filter:blur(20px);}.gspc-glass-card{-webkit-backdrop-filter:blur(20px)}.gspc-orb{position: absolute; border-radius: 9999px; filter: blur(80px); pointer-events: none; mix-blend-mode: screen; z-index: 1;}.gspc-orb-accent{width:20rem;height:20rem;top:-10rem;right:-5rem;background-color:#2856a04d;}.gspc-orb-gray{width:25rem;height:25rem;bottom:-10rem;left:-10rem;background-color:#2f4b774d;}.gspc-card-content{position: relative; z-index: 10; padding: 2rem;}@media (min-width: 768px){.gspc-card-content{padding: 3.5rem;}}.gspc-header-section{display: flex; flex-direction: column; align-items: flex-start; margin-bottom: 2rem;}.gspc-badge{display: inline-flex; align-items: center; padding: 0.25rem 0.75rem; margin-bottom: 1.5rem; font-size: 0.75rem; font-weight: 700; letter-spacing: 0.1em; text-transform: uppercase; color: #a3e635; background-color: rgba(163, 230, 53, 0.1); border: 1px solid rgba(163, 230, 53, 0.2); border-radius: 9999px; box-shadow: 0 0 15px -3px rgba(163, 230, 53, 0.2);}.gspc-title{font-size:2.25rem;line-height:1.1;font-weight:700;color:#ffffff;margin-bottom:1rem;letter-spacing:-0.03em;margin-top:0px;}@media (min-width: 768px){.gspc-title{font-size: 3.75rem;}}.gspc-title-muted{color: #9ca3af;}.gspc-subtitle{font-size: 1.125rem; color: #9ca3af; font-weight: 300; line-height: 1.5;}@media (min-width: 768px){.gspc-subtitle{font-size: 1.25rem;}}.gspc-split-grid{display: grid; grid-template-columns: 1fr; border-top: 1px solid rgba(255, 255, 255, 0.1); padding-top: 2.5rem; gap: 3rem;}@media (min-width: 1024px){.gspc-split-grid{grid-template-columns: 1.8fr 1fr; padding-top: 3rem; gap: 0;}}.gspc-features-header{font-size: 0.875rem; font-weight: 600; color: #6b7280; text-transform: uppercase; letter-spacing: 0.1em; margin-bottom: 1.5rem; display: block;}.gspc-features-grid{display: grid; grid-template-columns: 1fr; row-gap: 1.25rem;}@media (min-width: 640px){.gspc-features-grid{grid-template-columns: 1fr 1fr; column-gap: 2rem;}}.gspc-feature-item{display: flex; align-items: center; gap: 1rem;}.gspc-feature-icon-box{flex-shrink: 0; width: 1.5rem; height: 1.5rem; border-radius: 50%; background-color: rgba(255, 255, 255, 0.05); display: flex; align-items: center; justify-content: center; border: 1px solid rgba(255, 255, 255, 0.1);}.gspc-feature-check{width: 0.85rem; height: 0.85rem; color: #a3e635;}.gspc-feature-text{color: #d1d5db; font-size: 1rem; font-weight: 400;}.gspc-action-col{display: flex; flex-direction: column;}@media (min-width: 1024px){.gspc-action-col{padding-left: 3rem; border-left: 1px solid rgba(255, 255, 255, 0.1); justify-content: flex-start;}}.gspc-price-wrapper{margin-bottom: 0.5rem;}.gspc-price-row{display: flex; align-items: baseline; gap: 0.25rem;}.gspc-price-val{font-size: 4rem; font-weight: 700; color: #ffffff; line-height: 1; letter-spacing: -0.04em;}.gspc-price-period{font-size: 1.25rem; color: #9ca3af;}.gspc-price-note{font-size: 0.875rem; color: #6b7280; margin-top: 0.5rem; margin-bottom: 2rem; display: block;}.gspc-btn-primary{position: relative; width: 100%; padding: 1rem; background-color: #84cc16; color: #0b0f19; font-size: 1.125rem; font-weight: 700; border-radius: 0.75rem; border: none; cursor: pointer; transition: all 0.3s ease; box-shadow: 0 0 20px -5px rgba(132, 204, 22, 0.5); overflow: hidden; display: block;}.gspc-btn-primary:hover{background-color: #a3e635; transform: translateY(-2px); box-shadow: 0 0 30px -5px rgba(132, 204, 22, 0.7);}.gspc-btn-primary:hover .gspc-btn-arrow{transform: translateX(4px);}.gspc-btn-shimmer{position: absolute; top: 0; left: 0; width: 100%; height: 100%; background: linear-gradient(to right, transparent, rgba(255,255,255,0.5), transparent); transform: skewX(-20deg) translateX(-150%); animation: gspc-shimmer 3s infinite;}.gspc-btn-content{position: relative; z-index: 2; display: flex; align-items: center; justify-content: center; gap: 0.5rem;}.gspc-btn-arrow{width: 1.25rem; height: 1.25rem; transition: transform 0.3s;}.gspc-no-cc{margin-top: 1rem; font-size: 0.75rem; color: #6b7280; display: flex; align-items: center; gap: 0.5rem;}.gspc-dot{width: 0.4rem; height: 0.4rem; background-color: #65a30d; border-radius: 50%;}.gspc-testimonial-wrapper{max-width: 48rem; margin: 0 auto; text-align: center; padding: 0 1rem;}.gspc-testimonial-wrapper:hover .gspc-avatar-img{filter: grayscale(0%);}.gspc-blockquote{font-family: 'Merriweather', serif; font-size: 1.25rem; color: #e5e7eb; line-height: 1.6; margin-bottom: 2rem; position: relative; display: inline-block;}@media (min-width: 768px){.gspc-blockquote{font-size: 1.75rem;}}.gspc-highlight{color: #ffffff; text-decoration: underline; text-decoration-color: rgba(132, 204, 22, 0.5); text-underline-offset: 4px;}.gspc-quote-mark{position: absolute; font-family: 'Inter', sans-serif; font-size: 4rem; color: rgba(255, 255, 255, 0.05); line-height: 0;}.gspc-quote-start{top: 0rem; left: -2.5rem;}.gspc-quote-end{bottom: 0rem; right: -2.5rem; transform: rotate(180deg);}.gspc-profile{display: flex; flex-direction: column; align-items: center; gap: 1rem;}.gspc-avatar-ring{width: 3.5rem; height: 3.5rem; border-radius: 50%; border: 2px solid rgba(255, 255, 255, 0.1); padding: 2px; overflow: hidden;}.gspc-avatar-img{width: 100%; height: 100%; border-radius: 50%; object-fit: cover; filter: grayscale(100%); transition: filter 0.3s;}.gspc-profile-name{font-weight: 600; color: #fff; font-size: 1.125rem;}.gspc-profile-role{font-size: 0.75rem; color: #a3e635; font-weight: 700; letter-spacing: 0.05em; text-transform: uppercase;}@media (min-width: 1024px){.gspc-features-col{padding-right: 3rem;}}","footnotes":""},"class_list":["post-1082","page","type-page","status-publish","hentry"],"blocksy_meta":[],"_links":{"self":[{"href":"https:\/\/kingdoomfinancial.com\/pt-br\/wp-json\/wp\/v2\/pages\/1082","targetHints":{"allow":["GET"]}}],"collection":[{"href":"https:\/\/kingdoomfinancial.com\/pt-br\/wp-json\/wp\/v2\/pages"}],"about":[{"href":"https:\/\/kingdoomfinancial.com\/pt-br\/wp-json\/wp\/v2\/types\/page"}],"author":[{"embeddable":true,"href":"https:\/\/kingdoomfinancial.com\/pt-br\/wp-json\/wp\/v2\/users\/1"}],"replies":[{"embeddable":true,"href":"https:\/\/kingdoomfinancial.com\/pt-br\/wp-json\/wp\/v2\/comments?post=1082"}],"version-history":[{"count":7,"href":"https:\/\/kingdoomfinancial.com\/pt-br\/wp-json\/wp\/v2\/pages\/1082\/revisions"}],"predecessor-version":[{"id":1371,"href":"https:\/\/kingdoomfinancial.com\/pt-br\/wp-json\/wp\/v2\/pages\/1082\/revisions\/1371"}],"wp:attachment":[{"href":"https:\/\/kingdoomfinancial.com\/pt-br\/wp-json\/wp\/v2\/media?parent=1082"}],"curies":[{"name":"wp","href":"https:\/\/api.w.org\/{rel}","templated":true}]}}