{"id":1088,"date":"2026-04-14T17:13:29","date_gmt":"2026-04-14T21:13:29","guid":{"rendered":"https:\/\/kingdoomfinancial.com\/?page_id=1088"},"modified":"2026-04-17T13:46:09","modified_gmt":"2026-04-17T17:46:09","slug":"retirement-planning","status":"publish","type":"page","link":"https:\/\/kingdoomfinancial.com\/pt-br\/retirement-planning\/","title":{"rendered":"retirement planning"},"content":{"rendered":"<div class=\"wp-block-group alignfull has-palette-color-4-background-color has-background is-layout-constrained wp-block-group-is-layout-constrained\" style=\"padding-top:7rem;padding-bottom:7rem\">\n<div class=\"wp-block-columns are-vertically-aligned-center is-layout-flex wp-container-core-columns-is-layout-66fad18a wp-block-columns-is-layout-flex\">\n<div class=\"wp-block-column is-vertically-aligned-center is-layout-flow wp-block-column-is-layout-flow\" style=\"flex-basis:45%\">\n<div class=\"wp-block-columns is-layout-flex wp-container-core-columns-is-layout-2709eace wp-block-columns-is-layout-flex\">\n<div class=\"wp-block-column is-layout-flow wp-block-column-is-layout-flow\">\n<div style=\"height:60px\" aria-hidden=\"true\" class=\"wp-block-spacer ct-hidden-md ct-hidden-sm\"><\/div>\n\n\n\n<figure class=\"wp-block-image size-full has-custom-border\" style=\"margin-bottom:30px\"><img decoding=\"async\" width=\"1000\" height=\"1000\" src=\"https:\/\/kingdoomfinancial.com\/wp-content\/uploads\/2026\/04\/1-6.png\" alt=\"\" class=\"wp-image-1372\" style=\"border-radius:20px;aspect-ratio:1;object-fit:cover\" srcset=\"https:\/\/kingdoomfinancial.com\/wp-content\/uploads\/2026\/04\/1-6.png 1000w, https:\/\/kingdoomfinancial.com\/wp-content\/uploads\/2026\/04\/1-6-300x300.png 300w, https:\/\/kingdoomfinancial.com\/wp-content\/uploads\/2026\/04\/1-6-150x150.png 150w, https:\/\/kingdoomfinancial.com\/wp-content\/uploads\/2026\/04\/1-6-768x768.png 768w\" sizes=\"(max-width: 1000px) 100vw, 1000px\" \/><\/figure>\n\n\n\n<figure class=\"wp-block-image size-full has-custom-border\"><img decoding=\"async\" width=\"1000\" height=\"1000\" src=\"https:\/\/kingdoomfinancial.com\/wp-content\/uploads\/2026\/04\/3-6.png\" alt=\"\" class=\"wp-image-1374\" style=\"border-radius:20px;aspect-ratio:1;object-fit:cover\" srcset=\"https:\/\/kingdoomfinancial.com\/wp-content\/uploads\/2026\/04\/3-6.png 1000w, https:\/\/kingdoomfinancial.com\/wp-content\/uploads\/2026\/04\/3-6-300x300.png 300w, https:\/\/kingdoomfinancial.com\/wp-content\/uploads\/2026\/04\/3-6-150x150.png 150w, https:\/\/kingdoomfinancial.com\/wp-content\/uploads\/2026\/04\/3-6-768x768.png 768w\" sizes=\"(max-width: 1000px) 100vw, 1000px\" \/><\/figure>\n<\/div>\n\n\n\n<div class=\"wp-block-column is-layout-flow wp-block-column-is-layout-flow\">\n<figure class=\"wp-block-image size-full has-custom-border\" style=\"margin-bottom:30px\"><img decoding=\"async\" width=\"1000\" height=\"1000\" src=\"https:\/\/kingdoomfinancial.com\/wp-content\/uploads\/2026\/04\/2-8.png\" alt=\"\" class=\"wp-image-1373\" style=\"border-radius:20px;aspect-ratio:1;object-fit:cover\" srcset=\"https:\/\/kingdoomfinancial.com\/wp-content\/uploads\/2026\/04\/2-8.png 1000w, https:\/\/kingdoomfinancial.com\/wp-content\/uploads\/2026\/04\/2-8-300x300.png 300w, https:\/\/kingdoomfinancial.com\/wp-content\/uploads\/2026\/04\/2-8-150x150.png 150w, https:\/\/kingdoomfinancial.com\/wp-content\/uploads\/2026\/04\/2-8-768x768.png 768w\" sizes=\"(max-width: 1000px) 100vw, 1000px\" \/><\/figure>\n\n\n\n<figure class=\"wp-block-image size-full has-custom-border\"><img decoding=\"async\" width=\"1000\" height=\"1000\" src=\"https:\/\/kingdoomfinancial.com\/wp-content\/uploads\/2026\/04\/4-4.png\" alt=\"\" class=\"wp-image-1375\" style=\"border-radius:20px;aspect-ratio:1;object-fit:cover\" srcset=\"https:\/\/kingdoomfinancial.com\/wp-content\/uploads\/2026\/04\/4-4.png 1000w, https:\/\/kingdoomfinancial.com\/wp-content\/uploads\/2026\/04\/4-4-300x300.png 300w, https:\/\/kingdoomfinancial.com\/wp-content\/uploads\/2026\/04\/4-4-150x150.png 150w, https:\/\/kingdoomfinancial.com\/wp-content\/uploads\/2026\/04\/4-4-768x768.png 768w\" sizes=\"(max-width: 1000px) 100vw, 1000px\" \/><\/figure>\n<\/div>\n<\/div>\n<\/div>\n\n\n\n<div class=\"wp-block-column is-vertically-aligned-center is-layout-flow wp-block-column-is-layout-flow\">\n<h1 class=\"wp-block-heading has-palette-color-8-color has-text-color has-link-color wp-elements-65f538217f0928e4dcce29552d28b044\" id=\"the-perfect-theme-for-stunning-websites-3\" style=\"margin-bottom:20px;font-size:clamp(37.821px, 2.364rem + ((1vw - 3.2px) * 2.514), 70px);font-style:normal;font-weight:800;line-height:1.2\">Aposentem-se com Confian\u00e7a, N\u00e3o Incerteza<\/h1>\n\n\n\n<p class=\"has-palette-color-8-color has-text-color has-link-color has-medium-font-size wp-elements-cfe80c0d7ae996a1e87b441730b88ed7\" style=\"border-bottom-color:#0000001f;border-bottom-style:solid;border-bottom-width:1px;margin-bottom:40px;padding-bottom:40px\">Nos EUA, a aposentadoria exige planejamento cuidadoso. Sem uma estrat\u00e9gia s\u00f3lida, manter seu estilo de vida no futuro pode se tornar um desafio. O plano certo ajuda voc\u00ea a garantir sua renda e desfrutar da estabilidade financeira por muitos anos.<\/p>\n\n\n\n<div class=\"wp-block-columns is-layout-flex wp-container-core-columns-is-layout-28f84493 wp-block-columns-is-layout-flex\">\n<div class=\"wp-block-column is-layout-flow wp-block-column-is-layout-flow\">\n<h2 class=\"wp-block-heading has-palette-color-8-color has-text-color has-link-color wp-elements-923640055c7db7cd3396942a5c24f842\" id=\"300\" style=\"margin-bottom:0;font-style:normal;font-weight:900\">$1M+<\/h2>\n\n\n\n<p class=\"has-palette-color-8-color has-text-color has-link-color wp-elements-8372ec8bb9547a9d70be9c78f26916df\" style=\"font-size:clamp(14px, 0.875rem + ((1vw - 3.2px) * 0.313), 18px);\">Economias estimadas necess\u00e1rias para uma aposentadoria confort\u00e1vel nos EUA.<\/p>\n<\/div>\n\n\n\n<div class=\"wp-block-column is-layout-flow wp-block-column-is-layout-flow\">\n<h2 class=\"wp-block-heading has-palette-color-8-color has-text-color has-link-color wp-elements-8a712a513c9d78f09c4181e05be40365\" id=\"300\" style=\"margin-bottom:0;font-style:normal;font-weight:900\">60%<\/h2>\n\n\n\n<p class=\"has-palette-color-8-color has-text-color has-link-color wp-elements-b189d8b126b0750c3af29aa7c26a0d29\" style=\"font-size:clamp(14px, 0.875rem + ((1vw - 3.2px) * 0.313), 18px);\">Muitos americanos se sentem despreparados para a aposentadoria<\/p>\n<\/div>\n\n\n\n<div class=\"wp-block-column is-layout-flow wp-block-column-is-layout-flow\">\n<h2 class=\"wp-block-heading has-palette-color-8-color has-text-color has-link-color wp-elements-5488e452c12203b521b772ed8e3f6af4\" id=\"300\" style=\"margin-bottom:0;font-style:normal;font-weight:900\">20+ Years<\/h2>\n\n\n\n<p class=\"has-palette-color-8-color has-text-color has-link-color wp-elements-766b18c1ca8f8fb604bb24c489816a0c\" style=\"font-size:clamp(14px, 0.875rem + ((1vw - 3.2px) * 0.313), 18px);\">Tempo m\u00e9dio que as pessoas passam na aposentadoria<\/p>\n<\/div>\n<\/div>\n<\/div>\n<\/div>\n<\/div>\n\n\n\n<div class=\"wp-block-group alignfull has-palette-color-4-background-color has-background is-layout-constrained wp-block-group-is-layout-constrained\" style=\"padding-top:7rem;padding-bottom:7rem\">\n<div class=\"wp-block-columns are-vertically-aligned-center is-layout-flex wp-container-core-columns-is-layout-66fad18a wp-block-columns-is-layout-flex\">\n<div class=\"wp-block-column is-vertically-aligned-center is-layout-flow wp-block-column-is-layout-flow\" style=\"flex-basis:50%\">\n<h1 class=\"wp-block-heading has-palette-color-8-color has-text-color has-link-color wp-elements-2182fa9c67708340b6c7b9d731de08b3\" id=\"the-perfect-theme-for-stunning-websites-5\" style=\"margin-bottom:20px;font-size:clamp(37.821px, 2.364rem + ((1vw - 3.2px) * 2.514), 70px);font-style:normal;font-weight:800;line-height:1.2\">Uma abordagem mais inteligente para o planejamento da aposentadoria<\/h1>\n\n\n\n<p class=\"has-palette-color-8-color has-text-color has-link-color has-medium-font-size wp-elements-edc6248a34a43b6aed10b7b0550f9cd8\" style=\"border-bottom-color:#0000001F;border-bottom-style:solid;border-bottom-width:1px;margin-bottom:40px;padding-bottom:40px\">Planejar a aposentadoria \u00e9 mais do que economizar dinheiro \u2014 trata-se de criar uma estrat\u00e9gia de renda confi\u00e1vel que apoie seu estilo de vida e proteja seu futuro.<\/p>\n\n\n\n<div class=\"wp-block-group is-vertical is-layout-flex wp-container-core-group-is-layout-355c4241 wp-block-group-is-layout-flex\">\n<div class=\"wp-block-group is-nowrap is-layout-flex wp-container-core-group-is-layout-c1740a5a wp-block-group-is-layout-flex\">\n<figure class=\"wp-block-image size-full is-resized wp-duotone-purple-yellow\"><img decoding=\"async\" src=\"https:\/\/kingdoomfinancial.com\/wp-content\/themes\/blocksy\/inc\/components\/patterns\/assets\/pattern-check-mark.svg\" alt=\"\" class=\"wp-image-7800\" style=\"object-fit:contain;width:22px;height:22px\"\/><\/figure>\n\n\n\n<p class=\"has-palette-color-8-color has-text-color has-link-color wp-elements-0c2d6743545a2965e90e06e8602f9f9c\" style=\"font-size:clamp(14px, 0.875rem + ((1vw - 3.2px) * 0.313), 18px);font-style:normal;font-weight:500\">Garanta que voc\u00ea tenha uma renda est\u00e1vel mesmo depois de parar de trabalhar.<\/p>\n<\/div>\n\n\n\n<div class=\"wp-block-group is-nowrap is-layout-flex wp-container-core-group-is-layout-c1740a5a wp-block-group-is-layout-flex\">\n<figure class=\"wp-block-image size-full is-resized wp-duotone-purple-yellow\"><img decoding=\"async\" src=\"https:\/\/kingdoomfinancial.com\/wp-content\/themes\/blocksy\/inc\/components\/patterns\/assets\/pattern-check-mark.svg\" alt=\"\" class=\"wp-image-7800\" style=\"object-fit:contain;width:22px;height:22px\"\/><\/figure>\n\n\n\n<p class=\"has-palette-color-8-color has-text-color has-link-color wp-elements-600c4eabf69da0f6496fdfb1cfa88215\" style=\"font-size:clamp(14px, 0.875rem + ((1vw - 3.2px) * 0.313), 18px);font-style:normal;font-weight:500\">Continue vivendo confortavelmente, sem limita\u00e7\u00f5es financeiras.<\/p>\n<\/div>\n\n\n\n<div class=\"wp-block-group is-nowrap is-layout-flex wp-container-core-group-is-layout-c1740a5a wp-block-group-is-layout-flex\">\n<figure class=\"wp-block-image size-full is-resized wp-duotone-purple-yellow\"><img decoding=\"async\" src=\"https:\/\/kingdoomfinancial.com\/wp-content\/themes\/blocksy\/inc\/components\/patterns\/assets\/pattern-check-mark.svg\" alt=\"\" class=\"wp-image-7800\" style=\"object-fit:contain;width:22px;height:22px\"\/><\/figure>\n\n\n\n<p class=\"has-palette-color-8-color has-text-color has-link-color wp-elements-bb2ee266fc2d97f12d073a9d7f07110a\" style=\"font-size:clamp(14px, 0.875rem + ((1vw - 3.2px) * 0.313), 18px);font-style:normal;font-weight:500\">Saiba exatamente para onde voc\u00ea est\u00e1 indo financeiramente e como chegar l\u00e1.<\/p>\n<\/div>\n<\/div>\n<\/div>\n\n\n\n<div class=\"wp-block-column is-vertically-aligned-center is-layout-flow wp-block-column-is-layout-flow\">\n<div class=\"wp-block-columns is-layout-flex wp-container-core-columns-is-layout-2709eace wp-block-columns-is-layout-flex\">\n<div class=\"wp-block-column is-vertically-aligned-stretch is-layout-flow wp-block-column-is-layout-flow\">\n<div class=\"wp-block-cover is-light has-custom-content-position is-position-bottom-center\" style=\"border-radius:20px;padding-top:20px;padding-right:20px;padding-bottom:20px;padding-left:20px;min-height:630px;aspect-ratio:unset;\"><img decoding=\"async\" width=\"1080\" height=\"1920\" class=\"wp-block-cover__image-background wp-image-1377 size-full\" alt=\"\" src=\"https:\/\/kingdoomfinancial.com\/wp-content\/uploads\/2026\/04\/1-7.png\" data-object-fit=\"cover\" srcset=\"https:\/\/kingdoomfinancial.com\/wp-content\/uploads\/2026\/04\/1-7.png 1080w, https:\/\/kingdoomfinancial.com\/wp-content\/uploads\/2026\/04\/1-7-169x300.png 169w, https:\/\/kingdoomfinancial.com\/wp-content\/uploads\/2026\/04\/1-7-768x1365.png 768w, https:\/\/kingdoomfinancial.com\/wp-content\/uploads\/2026\/04\/1-7-864x1536.png 864w\" sizes=\"(max-width: 1080px) 100vw, 1080px\" \/><span aria-hidden=\"true\" class=\"wp-block-cover__background has-background-dim-0 has-background-dim\" style=\"background-color:#bead8c\"><\/span><div class=\"wp-block-cover__inner-container is-layout-flow wp-block-cover-is-layout-flow\">\n<div class=\"wp-block-group has-white-background-color has-background is-layout-constrained wp-container-core-group-is-layout-bf816c8d wp-block-group-is-layout-constrained\" style=\"border-radius:10px;padding-top:20px;padding-right:20px;padding-bottom:20px;padding-left:20px\">\n<h2 class=\"wp-block-heading has-black-color has-text-color has-link-color wp-elements-f42518c18cc6379f11715a2be6b5c457\" id=\"metus-adipiscing-commodo-1\" style=\"margin-top:0;font-size:clamp(14px, 0.875rem + ((1vw - 3.2px) * 0.156), 16px);\">Seguran\u00e7a de longo prazo<\/h2>\n\n\n\n<p>Proteja seu futuro contra infla\u00e7\u00e3o e despesas inesperadas.<\/p>\n<\/div>\n<\/div><\/div>\n<\/div>\n\n\n\n<div class=\"wp-block-column is-layout-flow wp-block-column-is-layout-flow\">\n<div class=\"wp-block-cover has-custom-content-position is-position-bottom-center\" style=\"border-radius:20px;margin-bottom:30px;padding-top:20px;padding-right:20px;padding-bottom:20px;padding-left:20px;min-height:300px;aspect-ratio:unset;\"><img decoding=\"async\" width=\"1080\" height=\"1920\" class=\"wp-block-cover__image-background wp-image-1378 size-full\" alt=\"\" src=\"https:\/\/kingdoomfinancial.com\/wp-content\/uploads\/2026\/04\/3-7.png\" data-object-fit=\"cover\" srcset=\"https:\/\/kingdoomfinancial.com\/wp-content\/uploads\/2026\/04\/3-7.png 1080w, https:\/\/kingdoomfinancial.com\/wp-content\/uploads\/2026\/04\/3-7-169x300.png 169w, https:\/\/kingdoomfinancial.com\/wp-content\/uploads\/2026\/04\/3-7-768x1365.png 768w, https:\/\/kingdoomfinancial.com\/wp-content\/uploads\/2026\/04\/3-7-864x1536.png 864w\" sizes=\"(max-width: 1080px) 100vw, 1080px\" \/><span aria-hidden=\"true\" class=\"wp-block-cover__background has-background-dim-0 has-background-dim\" style=\"background-color:#73614c\"><\/span><div class=\"wp-block-cover__inner-container is-layout-flow wp-block-cover-is-layout-flow\">\n<div class=\"wp-block-group has-white-background-color has-background is-layout-constrained wp-container-core-group-is-layout-bf816c8d wp-block-group-is-layout-constrained\" style=\"border-radius:10px;padding-top:20px;padding-right:20px;padding-bottom:20px;padding-left:20px\">\n<h2 class=\"wp-block-heading has-black-color has-text-color has-link-color wp-elements-4f5f34450ab5907dd931c818fbb79e17\" id=\"posuere-sollicitudin-fermentum-1\" style=\"margin-top:0;font-size:clamp(14px, 0.875rem + ((1vw - 3.2px) * 0.156), 16px);\">Estrat\u00e9gias Eficientes em Termos Fiscais<\/h2>\n\n\n\n<p class=\"has-palette-color-4-color has-text-color has-link-color wp-elements-9812824764569bf1608381a095dc1330\">Maximize suas economias com ferramentas de planejamento financeiro mais inteligentes.<\/p>\n<\/div>\n<\/div><\/div>\n\n\n\n<div class=\"wp-block-cover is-light has-custom-content-position is-position-bottom-center\" style=\"border-radius:20px;padding-top:20px;padding-right:20px;padding-bottom:20px;padding-left:20px;min-height:300px;aspect-ratio:unset;\"><img decoding=\"async\" width=\"1080\" height=\"1920\" class=\"wp-block-cover__image-background wp-image-1379 size-full\" alt=\"\" src=\"https:\/\/kingdoomfinancial.com\/wp-content\/uploads\/2026\/04\/2-9.png\" data-object-fit=\"cover\" srcset=\"https:\/\/kingdoomfinancial.com\/wp-content\/uploads\/2026\/04\/2-9.png 1080w, https:\/\/kingdoomfinancial.com\/wp-content\/uploads\/2026\/04\/2-9-169x300.png 169w, https:\/\/kingdoomfinancial.com\/wp-content\/uploads\/2026\/04\/2-9-768x1365.png 768w, https:\/\/kingdoomfinancial.com\/wp-content\/uploads\/2026\/04\/2-9-864x1536.png 864w\" sizes=\"(max-width: 1080px) 100vw, 1080px\" \/><span aria-hidden=\"true\" class=\"wp-block-cover__background has-background-dim-0 has-background-dim\" style=\"background-color:#9eabab\"><\/span><div class=\"wp-block-cover__inner-container is-layout-flow wp-block-cover-is-layout-flow\">\n<div class=\"wp-block-group has-white-background-color has-background is-layout-constrained wp-container-core-group-is-layout-bf816c8d wp-block-group-is-layout-constrained\" style=\"border-radius:10px;padding-top:20px;padding-right:20px;padding-bottom:20px;padding-left:20px\">\n<h2 class=\"wp-block-heading has-black-color has-text-color has-link-color wp-elements-ede0b34407627f75e50341a6ca6e7842\" id=\"augue-mauris-neque-consectetur-2\" style=\"margin-top:0;font-size:clamp(14px, 0.875rem + ((1vw - 3.2px) * 0.156), 16px);\">Fontes de Renda Confi\u00e1veis<\/h2>\n\n\n\n<p class=\"has-palette-color-4-color has-text-color has-link-color wp-elements-3fbf47c44f3ee0f03bf9b2c7b286cad7\">Crie fontes de renda consistentes para seus anos de aposentadoria.<\/p>\n<\/div>\n<\/div><\/div>\n<\/div>\n<\/div>\n<\/div>\n<\/div>\n<\/div>\n\n\n\n<div class=\"wp-block-group alignfull has-palette-color-4-background-color has-background is-layout-constrained wp-block-group-is-layout-constrained\" style=\"padding-top:7rem;padding-bottom:7rem\">\n<p class=\"has-text-align-center has-palette-color-8-color has-text-color has-link-color wp-elements-dc49b309f7dd6957128749b3e5f19df0\" style=\"margin-bottom:20px;font-style:normal;font-weight:500\">Seu futuro come\u00e7a hoje<\/p>\n\n\n\n<h1 class=\"wp-block-heading has-text-align-center has-palette-color-8-color has-text-color has-link-color has-xx-large-font-size wp-elements-fcb7c417b83104cce533bee948c114d1\" id=\"the-perfect-theme-for-stunning-websites-4\" style=\"margin-top:0;margin-bottom:20px;font-style:normal;font-weight:800;line-height:1.2\">Comece a planejar sua aposentadoria agora<\/h1>\n\n\n\n<p class=\"has-text-align-center has-palette-color-8-color has-text-color has-link-color wp-elements-3e5bd49047d1741baf922e7afe44d470\" style=\"margin-bottom:var(--wp--preset--spacing--60)\">Quanto mais cedo voc\u00ea montar seu plano, mais seguro seu futuro se torna. Tome o controle hoje e prepare-se para a vida que voc\u00ea merece.<\/p>\n\n\n\n<div class=\"wp-block-buttons is-content-justification-center is-layout-flex wp-container-core-buttons-is-layout-2b69d536 wp-block-buttons-is-layout-flex\" style=\"margin-bottom:var(--wp--preset--spacing--80)\">\n<div class=\"wp-block-button\"><a class=\"wp-block-button__link has-white-color has-text-color has-background has-link-color has-custom-font-size wp-element-button\" href=\"https:\/\/wa.me\/17327680858?text=Hi%2C%20I%27m%20interested%20in%20retirement%20planning%20options\" style=\"border-radius:8px;background-color:#0f9564;padding-top:15px;padding-right:25px;padding-bottom:15px;padding-left:25px;font-size:clamp(14px, 0.875rem + ((1vw - 3.2px) * 0.313), 18px);font-style:normal;font-weight:600\">Fale comigo hoje<\/a><\/div>\n<\/div>\n<\/div>","protected":false},"excerpt":{"rendered":"<p>Retire with Confidence, Not Uncertainty In the U.S., retirement requires careful planning. Without a solid strategy, maintaining your lifestyle in the future can become a challenge. The right plan helps you secure your income and enjoy financial stability for years to come. $1M+ Estimated savings needed for a comfortable retirement in the U.S. 60% Of [&hellip;]<\/p>\n","protected":false},"author":1,"featured_media":0,"parent":0,"menu_order":0,"comment_status":"closed","ping_status":"closed","template":"","meta":{"_gspb_post_css":"","footnotes":""},"class_list":["post-1088","page","type-page","status-publish","hentry"],"blocksy_meta":[],"_links":{"self":[{"href":"https:\/\/kingdoomfinancial.com\/pt-br\/wp-json\/wp\/v2\/pages\/1088","targetHints":{"allow":["GET"]}}],"collection":[{"href":"https:\/\/kingdoomfinancial.com\/pt-br\/wp-json\/wp\/v2\/pages"}],"about":[{"href":"https:\/\/kingdoomfinancial.com\/pt-br\/wp-json\/wp\/v2\/types\/page"}],"author":[{"embeddable":true,"href":"https:\/\/kingdoomfinancial.com\/pt-br\/wp-json\/wp\/v2\/users\/1"}],"replies":[{"embeddable":true,"href":"https:\/\/kingdoomfinancial.com\/pt-br\/wp-json\/wp\/v2\/comments?post=1088"}],"version-history":[{"count":5,"href":"https:\/\/kingdoomfinancial.com\/pt-br\/wp-json\/wp\/v2\/pages\/1088\/revisions"}],"predecessor-version":[{"id":1385,"href":"https:\/\/kingdoomfinancial.com\/pt-br\/wp-json\/wp\/v2\/pages\/1088\/revisions\/1385"}],"wp:attachment":[{"href":"https:\/\/kingdoomfinancial.com\/pt-br\/wp-json\/wp\/v2\/media?parent=1088"}],"curies":[{"name":"wp","href":"https:\/\/api.w.org\/{rel}","templated":true}]}}