{"id":1387,"date":"2026-04-18T10:16:56","date_gmt":"2026-04-18T14:16:56","guid":{"rendered":"https:\/\/kingdoomfinancial.com\/?page_id=1387"},"modified":"2026-04-18T10:17:01","modified_gmt":"2026-04-18T14:17:01","slug":"privacy-policy","status":"publish","type":"page","link":"https:\/\/kingdoomfinancial.com\/pt-br\/privacy-policy\/","title":{"rendered":"Pol\u00edtica de Privacidade"},"content":{"rendered":"<div class=\"wp-block-group alignfull has-white-background-color has-background is-layout-constrained wp-block-group-is-layout-constrained\" style=\"padding-top:7rem;padding-bottom:7rem\">\n<h1 class=\"wp-block-heading has-text-align-center has-black-color has-text-color has-link-color has-xx-large-font-size wp-elements-09e28fbd3abeb63ed7386e0739a0253b\" id=\"the-perfect-theme-for-stunning-websites-3\" style=\"margin-top:0;margin-bottom:136px;font-style:normal;font-weight:800;line-height:1.2\">A Kingdom Financial, estamos comprometidos em proteger sua privacidade.<\/h1>\n\n\n\n<hr class=\"wp-block-separator has-alpha-channel-opacity is-style-wide\" style=\"margin-top:0;margin-bottom:0\"\/>\n\n\n\n<p class=\"has-text-align-center has-black-color has-text-color has-link-color has-medium-font-size wp-elements-1c4859eab4eaadfddf617556453639ef\" style=\"margin-top:var(--wp--preset--spacing--80);margin-bottom:var(--wp--preset--spacing--60)\">Podemos coletar informa\u00e7\u00f5es pessoais como seu nome, endere\u00e7o de e-mail, n\u00famero de telefone e qualquer informa\u00e7\u00e3o que voc\u00ea forne\u00e7a por meio de formul\u00e1rios ou canais de comunica\u00e7\u00e3o, incluindo WhatsApp.<\/p>\n\n\n\n<p class=\"has-link-color has-medium-font-size wp-elements-374b68d969199a176f88fddad67af4b3\" style=\"margin-top:var(--wp--preset--spacing--80);margin-bottom:var(--wp--preset--spacing--60)\">Estas informa\u00e7\u00f5es s\u00e3o usadas para:<br>\u2013 Responder a<br>consultas \u2013 Oferecer servi\u00e7os e suporte<br>\u2013 Melhorar nosso site e a experi\u00eancia do usu\u00e1rio<\/p>\n\n\n\n<p class=\"has-link-color has-medium-font-size wp-elements-de1c2a3b2c859ec0b94effcceadeb0f7\" style=\"margin-top:var(--wp--preset--spacing--80);margin-bottom:var(--wp--preset--spacing--60)\">Podemos usar servi\u00e7os de terceiros, como Google Analytics e plataformas de publicidade, para entender o comportamento dos usu\u00e1rios e melhorar nossos servi\u00e7os.<\/p>\n\n\n\n<p class=\"has-link-color has-medium-font-size wp-elements-9a9d721712ecb51ed856a86c71da6fd6\" style=\"margin-top:var(--wp--preset--spacing--80);margin-bottom:var(--wp--preset--spacing--60)\">N\u00e3o vendemos nem alugamos suas informa\u00e7\u00f5es pessoais. Seus dados s\u00f3 podem ser compartilhados com parceiros de confian\u00e7a quando necess\u00e1rio para fornecer servi\u00e7os.<\/p>\n\n\n\n<p class=\"has-link-color has-medium-font-size wp-elements-a3024a51998e04c18ed8ac73da8fafde\" style=\"margin-top:var(--wp--preset--spacing--80);margin-bottom:var(--wp--preset--spacing--60)\">Voc\u00ea tem o direito de solicitar acesso, corre\u00e7\u00e3o ou exclus\u00e3o de seus dados pessoais.<\/p>\n\n\n\n<p class=\"has-link-color has-medium-font-size wp-elements-7cc5111a36dc4b52a1767e11a2e471fe\" style=\"margin-top:var(--wp--preset--spacing--80);margin-bottom:var(--wp--preset--spacing--60)\">Se voc\u00ea tiver alguma d\u00favida sobre esta pol\u00edtica, entre em contato conosco pelo e-mail:\nkellysartorbf@gmail.com<br><a href=\"mailto:kellysartorbf@gmail.com\">kellysartorbf@gmail.com<\/a><\/p>\n\n\n\n<p class=\"has-text-align-center has-black-color has-text-color has-link-color has-medium-font-size wp-elements-de2d26a6180ff96b80ebd7ac07642b39\" style=\"margin-top:var(--wp--preset--spacing--80);margin-bottom:var(--wp--preset--spacing--60)\">Ao usar este site, voc\u00ea concorda com esta Pol\u00edtica de Privacidade.<\/p>\n<\/div>","protected":false},"excerpt":{"rendered":"<p>At Kingdom Financial, we are committed to protecting your privacy. We may collect personal information such as your name, email address, phone number, and any information you provide through forms or communication channels, including WhatsApp. This information is used to:&#8211; Respond to inquiries&#8211; Provide services and support&#8211; Improve our website and user experience We may [&hellip;]<\/p>\n","protected":false},"author":1,"featured_media":0,"parent":0,"menu_order":0,"comment_status":"closed","ping_status":"closed","template":"","meta":{"_gspb_post_css":"","footnotes":""},"class_list":["post-1387","page","type-page","status-publish","hentry"],"blocksy_meta":{"has_hero_section":"enabled","hero_elements":[{"id":"custom_title","enabled":true,"heading_tag":"h1","title":"Home","__id":"J6K5wRxpq1nzQHsMwMQu3"},{"id":"custom_description","enabled":false,"description_visibility":{"desktop":true,"tablet":true,"mobile":false},"__id":"0oFfR9YaPStECekFrKaDH"},{"id":"custom_meta","enabled":false,"meta_elements":[{"id":"author","enabled":true,"label":"Por","has_author_avatar":"yes","avatar_size":25},{"id":"post_date","enabled":true,"label":"Ligar","date_format_source":"default","date_format":"M j, Y"},{"id":"updated_date","enabled":false,"label":"Ligar","date_format_source":"default","date_format":"M j, Y"},{"id":"categories","enabled":false,"label":"Em","style":"simple"},{"id":"comments","enabled":true}],"page_meta_elements":{"joined":true,"articles_count":true,"comments":true},"__id":"iQatCqlufo-J_qydy6iSh"},{"id":"breadcrumbs","enabled":false,"__id":"A7e4FVSpK3Ftpwj_s-dp2"}],"hero_alignment1":"center","styles_descriptor":{"styles":{"desktop":"[data-prefix=\"single_page\"] .entry-header .page-title {--theme-font-size:30px;} [data-prefix=\"single_page\"] .entry-header .entry-meta {--theme-font-weight:600;--theme-text-transform:uppercase;--theme-font-size:12px;--theme-line-height:1.3;} [data-prefix=\"single_page\"] .hero-section[data-type=\"type-1\"] {--alignment:center;}","tablet":"","mobile":""},"google_fonts":[],"version":6}},"_links":{"self":[{"href":"https:\/\/kingdoomfinancial.com\/pt-br\/wp-json\/wp\/v2\/pages\/1387","targetHints":{"allow":["GET"]}}],"collection":[{"href":"https:\/\/kingdoomfinancial.com\/pt-br\/wp-json\/wp\/v2\/pages"}],"about":[{"href":"https:\/\/kingdoomfinancial.com\/pt-br\/wp-json\/wp\/v2\/types\/page"}],"author":[{"embeddable":true,"href":"https:\/\/kingdoomfinancial.com\/pt-br\/wp-json\/wp\/v2\/users\/1"}],"replies":[{"embeddable":true,"href":"https:\/\/kingdoomfinancial.com\/pt-br\/wp-json\/wp\/v2\/comments?post=1387"}],"version-history":[{"count":1,"href":"https:\/\/kingdoomfinancial.com\/pt-br\/wp-json\/wp\/v2\/pages\/1387\/revisions"}],"predecessor-version":[{"id":1388,"href":"https:\/\/kingdoomfinancial.com\/pt-br\/wp-json\/wp\/v2\/pages\/1387\/revisions\/1388"}],"wp:attachment":[{"href":"https:\/\/kingdoomfinancial.com\/pt-br\/wp-json\/wp\/v2\/media?parent=1387"}],"curies":[{"name":"wp","href":"https:\/\/api.w.org\/{rel}","templated":true}]}}