{"id":1389,"date":"2026-04-18T10:20:43","date_gmt":"2026-04-18T14:20:43","guid":{"rendered":"https:\/\/kingdoomfinancial.com\/?page_id=1389"},"modified":"2026-04-18T10:21:05","modified_gmt":"2026-04-18T14:21:05","slug":"terms-of-service","status":"publish","type":"page","link":"https:\/\/kingdoomfinancial.com\/pt-br\/terms-of-service\/","title":{"rendered":"Termos de Servi\u00e7o"},"content":{"rendered":"<div class=\"wp-block-group alignfull has-white-background-color has-background is-layout-constrained wp-block-group-is-layout-constrained\" style=\"padding-top:7rem;padding-bottom:7rem\">\n<h1 class=\"wp-block-heading has-text-align-center has-black-color has-text-color has-link-color has-xx-large-font-size wp-elements-2d2a2125c575a48a6cdd9574142d5b7c\" id=\"the-perfect-theme-for-stunning-websites-3\" style=\"margin-top:0;margin-bottom:136px;font-style:normal;font-weight:800;line-height:1.2\">Ao acessar este site, voc\u00ea concorda em estar vinculado a estes Termos de Servi\u00e7o.<\/h1>\n\n\n\n<hr class=\"wp-block-separator has-alpha-channel-opacity is-style-wide\" style=\"margin-top:0;margin-bottom:0\"\/>\n\n\n\n<p class=\"has-text-align-center has-black-color has-text-color has-link-color has-medium-font-size wp-elements-5203efe697430ea7e7fc5604ecf2de5b\" style=\"margin-top:var(--wp--preset--spacing--80);margin-bottom:var(--wp--preset--spacing--60)\">As informa\u00e7\u00f5es fornecidas neste site s\u00e3o apenas para fins informativos gerais e n\u00e3o constituem aconselhamento financeiro, jur\u00eddico ou tribut\u00e1rio.<\/p>\n\n\n\n<p class=\"has-link-color has-medium-font-size wp-elements-42c32cfd909a3b9db15ca31881f8f035\" style=\"margin-top:var(--wp--preset--spacing--80);margin-bottom:var(--wp--preset--spacing--60)\">A Kingdom Financial n\u00e3o garante a precis\u00e3o, completude ou confiabilidade das informa\u00e7\u00f5es apresentadas.<\/p>\n\n\n\n<p class=\"has-link-color has-medium-font-size wp-elements-a2382b87a706050d82012cb6cc993b42\" style=\"margin-top:var(--wp--preset--spacing--80);margin-bottom:var(--wp--preset--spacing--60)\">Qualquer decis\u00e3o que voc\u00ea tome com base em informa\u00e7\u00f5es deste site \u00e9 por sua conta e risco.<\/p>\n\n\n\n<p class=\"has-link-color has-medium-font-size wp-elements-b8a15627d718190c6a1aa0b35ff570e6\" style=\"margin-top:var(--wp--preset--spacing--80);margin-bottom:var(--wp--preset--spacing--60)\">Reservamo-nos o direito de atualizar ou modificar estes termos a qualquer momento, sem aviso pr\u00e9vio.<\/p>\n\n\n\n<p class=\"has-link-color has-medium-font-size wp-elements-c644aedcc3d2c4f91ce6d356aea37291\" style=\"margin-top:var(--wp--preset--spacing--80);margin-bottom:var(--wp--preset--spacing--60)\">Se voc\u00ea n\u00e3o concordar com estes termos, por favor, n\u00e3o utilize este site.<\/p>\n\n\n\n<p class=\"has-link-color has-medium-font-size wp-elements-7cc5111a36dc4b52a1767e11a2e471fe\" style=\"margin-top:var(--wp--preset--spacing--80);margin-bottom:var(--wp--preset--spacing--60)\">Se voc\u00ea tiver alguma d\u00favida sobre esta pol\u00edtica, entre em contato conosco pelo e-mail:\nkellysartorbf@gmail.com<br><a href=\"mailto:kellysartorbf@gmail.com\">kellysartorbf@gmail.com<\/a><\/p>\n\n\n\n<p class=\"has-text-align-center has-black-color has-text-color has-link-color has-medium-font-size wp-elements-65aace1bb83c50329568be337cf06cf1\" style=\"margin-top:var(--wp--preset--spacing--80);margin-bottom:var(--wp--preset--spacing--60)\"><\/p>\n<\/div>","protected":false},"excerpt":{"rendered":"<p>By accessing this website, you agree to be bound by these Terms of Service. The information provided on this website is for general informational purposes only and does not constitute financial, legal, or tax advice. Kingdom Financial makes no guarantees regarding the accuracy, completeness, or reliability of the information presented. Any decisions you make based [&hellip;]<\/p>\n","protected":false},"author":1,"featured_media":0,"parent":0,"menu_order":0,"comment_status":"closed","ping_status":"closed","template":"","meta":{"_gspb_post_css":"","footnotes":""},"class_list":["post-1389","page","type-page","status-publish","hentry"],"blocksy_meta":{"has_hero_section":"enabled","hero_elements":[{"id":"custom_title","enabled":true,"heading_tag":"h1","title":"Home","__id":"8d1mzpuEUNuUe9f79PL0Z"},{"id":"custom_description","enabled":false,"description_visibility":{"desktop":true,"tablet":true,"mobile":false},"__id":"e-55Y9jop1wlzyKRqfG74"},{"id":"custom_meta","enabled":false,"meta_elements":[{"id":"author","enabled":true,"label":"Por","has_author_avatar":"yes","avatar_size":25},{"id":"post_date","enabled":true,"label":"Ligar","date_format_source":"default","date_format":"M j, Y"},{"id":"updated_date","enabled":false,"label":"Ligar","date_format_source":"default","date_format":"M j, Y"},{"id":"categories","enabled":false,"label":"Em","style":"simple"},{"id":"comments","enabled":true}],"page_meta_elements":{"joined":true,"articles_count":true,"comments":true},"__id":"pvTVR6-XKam_9E4gaefnP"},{"id":"breadcrumbs","enabled":false,"__id":"dmAoPY4TUNXKMdk9Pil_W"}],"hero_alignment1":"center","styles_descriptor":{"styles":{"desktop":"[data-prefix=\"single_page\"] .entry-header .page-title {--theme-font-size:30px;} [data-prefix=\"single_page\"] .entry-header .entry-meta {--theme-font-weight:600;--theme-text-transform:uppercase;--theme-font-size:12px;--theme-line-height:1.3;} [data-prefix=\"single_page\"] .hero-section[data-type=\"type-1\"] {--alignment:center;}","tablet":"","mobile":""},"google_fonts":[],"version":6}},"_links":{"self":[{"href":"https:\/\/kingdoomfinancial.com\/pt-br\/wp-json\/wp\/v2\/pages\/1389","targetHints":{"allow":["GET"]}}],"collection":[{"href":"https:\/\/kingdoomfinancial.com\/pt-br\/wp-json\/wp\/v2\/pages"}],"about":[{"href":"https:\/\/kingdoomfinancial.com\/pt-br\/wp-json\/wp\/v2\/types\/page"}],"author":[{"embeddable":true,"href":"https:\/\/kingdoomfinancial.com\/pt-br\/wp-json\/wp\/v2\/users\/1"}],"replies":[{"embeddable":true,"href":"https:\/\/kingdoomfinancial.com\/pt-br\/wp-json\/wp\/v2\/comments?post=1389"}],"version-history":[{"count":2,"href":"https:\/\/kingdoomfinancial.com\/pt-br\/wp-json\/wp\/v2\/pages\/1389\/revisions"}],"predecessor-version":[{"id":1391,"href":"https:\/\/kingdoomfinancial.com\/pt-br\/wp-json\/wp\/v2\/pages\/1389\/revisions\/1391"}],"wp:attachment":[{"href":"https:\/\/kingdoomfinancial.com\/pt-br\/wp-json\/wp\/v2\/media?parent=1389"}],"curies":[{"name":"wp","href":"https:\/\/api.w.org\/{rel}","templated":true}]}}