{"id":1392,"date":"2026-04-18T10:23:41","date_gmt":"2026-04-18T14:23:41","guid":{"rendered":"https:\/\/kingdoomfinancial.com\/?page_id=1392"},"modified":"2026-04-18T10:23:46","modified_gmt":"2026-04-18T14:23:46","slug":"disclaimer","status":"publish","type":"page","link":"https:\/\/kingdoomfinancial.com\/pt-br\/disclaimer\/","title":{"rendered":"Aviso jur\u00eddico"},"content":{"rendered":"<p class=\"has-medium-font-size\">As informa\u00e7\u00f5es fornecidas neste site s\u00e3o apenas para fins informativos gerais e n\u00e3o constituem aconselhamento financeiro, jur\u00eddico ou tribut\u00e1rio.<\/p>\n\n\n\n<p class=\"has-medium-font-size\">A Kingdom Financial e seus representantes n\u00e3o se responsabilizam por quaisquer decis\u00f5es tomadas com base nas informa\u00e7\u00f5es fornecidas neste site. Todas as decis\u00f5es financeiras devem ser tomadas com base nas suas circunst\u00e2ncias individuais e em consulta com um profissional licenciado.<\/p>\n\n\n\n<p class=\"has-medium-font-size\">Produtos de seguro e estrat\u00e9gias financeiras podem variar conforme elegibilidade, termos e condi\u00e7\u00f5es. N\u00e3o s\u00e3o feitas garantias quanto a resultados financeiros espec\u00edficos ou resultados.<\/p>\n\n\n\n<p class=\"has-medium-font-size\">Este site pode conter informa\u00e7\u00f5es gerais sobre produtos financeiros, incluindo seguro de vida, planejamento de aposentadoria e planejamento universit\u00e1rio, mas n\u00e3o representa uma recomenda\u00e7\u00e3o personalizada.<\/p>\n\n\n\n<p class=\"has-medium-font-size\">Ao usar este site, voc\u00ea reconhece e concorda que \u00e9 o \u00fanico respons\u00e1vel pelas suas decis\u00f5es financeiras.<\/p>\n\n\n\n<p>A Kingdom Financial opera de acordo com as leis e regulamentos aplic\u00e1veis nos Estados Unidos. A licen\u00e7a e a disponibilidade dos servi\u00e7os podem variar de estado para estado.<\/p>","protected":false},"excerpt":{"rendered":"<p>The information provided on this website is for general informational purposes only and does not constitute financial, legal, or tax advice. Kingdom Financial and its representatives are not responsible for any decisions made based on the information provided on this site. All financial decisions should be made based on your individual circumstances and in consultation [&hellip;]<\/p>\n","protected":false},"author":1,"featured_media":0,"parent":0,"menu_order":0,"comment_status":"closed","ping_status":"closed","template":"","meta":{"_gspb_post_css":"","footnotes":""},"class_list":["post-1392","page","type-page","status-publish","hentry"],"blocksy_meta":{"has_hero_section":"enabled","hero_elements":[{"id":"custom_title","enabled":true,"heading_tag":"h1","title":"Home","__id":"3j5d3NO2NUgO6hfY_KD7I"},{"id":"custom_description","enabled":false,"description_visibility":{"desktop":true,"tablet":true,"mobile":false},"__id":"DklZrXUMGWmEJWLWI5S6W"},{"id":"custom_meta","enabled":false,"meta_elements":[{"id":"author","enabled":true,"label":"Por","has_author_avatar":"yes","avatar_size":25},{"id":"post_date","enabled":true,"label":"Ligar","date_format_source":"default","date_format":"M j, Y"},{"id":"updated_date","enabled":false,"label":"Ligar","date_format_source":"default","date_format":"M j, Y"},{"id":"categories","enabled":false,"label":"Em","style":"simple"},{"id":"comments","enabled":true}],"page_meta_elements":{"joined":true,"articles_count":true,"comments":true},"__id":"Q5Y5-9xvs8o6Kz52y0uQa"},{"id":"breadcrumbs","enabled":false,"__id":"gk7_PQIPdtm1FZecbcMqF"}],"hero_alignment1":"center","styles_descriptor":{"styles":{"desktop":"[data-prefix=\"single_page\"] .entry-header .page-title {--theme-font-size:30px;} [data-prefix=\"single_page\"] .entry-header .entry-meta {--theme-font-weight:600;--theme-text-transform:uppercase;--theme-font-size:12px;--theme-line-height:1.3;} [data-prefix=\"single_page\"] .hero-section[data-type=\"type-1\"] {--alignment:center;}","tablet":"","mobile":""},"google_fonts":[],"version":6}},"_links":{"self":[{"href":"https:\/\/kingdoomfinancial.com\/pt-br\/wp-json\/wp\/v2\/pages\/1392","targetHints":{"allow":["GET"]}}],"collection":[{"href":"https:\/\/kingdoomfinancial.com\/pt-br\/wp-json\/wp\/v2\/pages"}],"about":[{"href":"https:\/\/kingdoomfinancial.com\/pt-br\/wp-json\/wp\/v2\/types\/page"}],"author":[{"embeddable":true,"href":"https:\/\/kingdoomfinancial.com\/pt-br\/wp-json\/wp\/v2\/users\/1"}],"replies":[{"embeddable":true,"href":"https:\/\/kingdoomfinancial.com\/pt-br\/wp-json\/wp\/v2\/comments?post=1392"}],"version-history":[{"count":1,"href":"https:\/\/kingdoomfinancial.com\/pt-br\/wp-json\/wp\/v2\/pages\/1392\/revisions"}],"predecessor-version":[{"id":1393,"href":"https:\/\/kingdoomfinancial.com\/pt-br\/wp-json\/wp\/v2\/pages\/1392\/revisions\/1393"}],"wp:attachment":[{"href":"https:\/\/kingdoomfinancial.com\/pt-br\/wp-json\/wp\/v2\/media?parent=1392"}],"curies":[{"name":"wp","href":"https:\/\/api.w.org\/{rel}","templated":true}]}}