{"id":1400,"date":"2026-04-18T10:40:44","date_gmt":"2026-04-18T14:40:44","guid":{"rendered":"https:\/\/kingdoomfinancial.com\/?page_id=1400"},"modified":"2026-04-18T10:50:56","modified_gmt":"2026-04-18T14:50:56","slug":"cookie-policy","status":"publish","type":"page","link":"https:\/\/kingdoomfinancial.com\/pt-br\/cookie-policy\/","title":{"rendered":"Pol\u00edtica de Cookies"},"content":{"rendered":"<p class=\"has-medium-font-size\">Usamos cookies para melhorar sua experi\u00eancia, analisar o tr\u00e1fego e fornecer conte\u00fado personalizado.<\/p>\n\n\n\n<p class=\"has-medium-font-size\">Cookies s\u00e3o pequenos arquivos armazenados no seu dispositivo que nos ajudam a entender como voc\u00ea interage com nosso site.<\/p>\n\n\n\n<p class=\"has-medium-font-size\">Usamos:<br>\u2013 Cookies essenciais para funcionalidades<br>do site \u2013 Cookies de an\u00e1lise para melhorar o desempenho<br>\u2013 Cookies de marketing para conte\u00fado relevante<\/p>\n\n\n\n<p class=\"has-medium-font-size\">Ao usar este site, voc\u00ea concorda com o uso de cookies.<\/p>\n\n\n\n<p class=\"has-medium-font-size\">Voc\u00ea pode gerenciar suas prefer\u00eancias a qualquer momento pelo banner de consentimento.<\/p>\n\n\n\n<p class=\"has-medium-font-size\">Para d\u00favidas, entre em contato conosco pelo e-mail: kellysartorbf@gmail.com <a href=\"mailto:kellysartorbf@gmail.com\">kellysartorbf@gmail.com<\/a><\/p>\n\n\n\n<p><\/p>","protected":false},"excerpt":{"rendered":"<p>We use cookies to improve your experience, analyze traffic, and provide personalized content. Cookies are small files stored on your device that help us understand how you interact with our website. We use:&#8211; Essential cookies for site functionality&#8211; Analytics cookies to improve performance&#8211; Marketing cookies for relevant content By using this website, you agree to [&hellip;]<\/p>\n","protected":false},"author":1,"featured_media":0,"parent":0,"menu_order":0,"comment_status":"closed","ping_status":"closed","template":"","meta":{"_gspb_post_css":"","footnotes":""},"class_list":["post-1400","page","type-page","status-publish","hentry"],"blocksy_meta":{"has_hero_section":"enabled","hero_elements":[{"id":"custom_title","enabled":true,"heading_tag":"h1","title":"Home","__id":"_savMJX7c7b4TrV_KoPzm"},{"id":"custom_description","enabled":false,"description_visibility":{"desktop":true,"tablet":true,"mobile":false},"__id":"b8wez8D1UrOzyM_v0U_Rg"},{"id":"custom_meta","enabled":false,"meta_elements":[{"id":"author","enabled":true,"label":"Por","has_author_avatar":"yes","avatar_size":25},{"id":"post_date","enabled":true,"label":"Ligar","date_format_source":"default","date_format":"M j, Y"},{"id":"updated_date","enabled":false,"label":"Ligar","date_format_source":"default","date_format":"M j, Y"},{"id":"categories","enabled":false,"label":"Em","style":"simple"},{"id":"comments","enabled":true}],"page_meta_elements":{"joined":true,"articles_count":true,"comments":true},"__id":"rVRITn-ph0apMYC0wXEbf"},{"id":"breadcrumbs","enabled":false,"__id":"9AfGNmKPKHBCCWiiDYXRN"}],"hero_alignment1":"center","styles_descriptor":{"styles":{"desktop":"[data-prefix=\"single_page\"] .entry-header .page-title {--theme-font-size:30px;} [data-prefix=\"single_page\"] .entry-header .entry-meta {--theme-font-weight:600;--theme-text-transform:uppercase;--theme-font-size:12px;--theme-line-height:1.3;} [data-prefix=\"single_page\"] .hero-section[data-type=\"type-1\"] {--alignment:center;}","tablet":"","mobile":""},"google_fonts":[],"version":6}},"_links":{"self":[{"href":"https:\/\/kingdoomfinancial.com\/pt-br\/wp-json\/wp\/v2\/pages\/1400","targetHints":{"allow":["GET"]}}],"collection":[{"href":"https:\/\/kingdoomfinancial.com\/pt-br\/wp-json\/wp\/v2\/pages"}],"about":[{"href":"https:\/\/kingdoomfinancial.com\/pt-br\/wp-json\/wp\/v2\/types\/page"}],"author":[{"embeddable":true,"href":"https:\/\/kingdoomfinancial.com\/pt-br\/wp-json\/wp\/v2\/users\/1"}],"replies":[{"embeddable":true,"href":"https:\/\/kingdoomfinancial.com\/pt-br\/wp-json\/wp\/v2\/comments?post=1400"}],"version-history":[{"count":1,"href":"https:\/\/kingdoomfinancial.com\/pt-br\/wp-json\/wp\/v2\/pages\/1400\/revisions"}],"predecessor-version":[{"id":1401,"href":"https:\/\/kingdoomfinancial.com\/pt-br\/wp-json\/wp\/v2\/pages\/1400\/revisions\/1401"}],"wp:attachment":[{"href":"https:\/\/kingdoomfinancial.com\/pt-br\/wp-json\/wp\/v2\/media?parent=1400"}],"curies":[{"name":"wp","href":"https:\/\/api.w.org\/{rel}","templated":true}]}}